{"id":2464,"date":"2020-11-09T09:52:29","date_gmt":"2020-11-09T09:52:29","guid":{"rendered":"https:\/\/www.dippe.lu\/legal-notice\/"},"modified":"2021-09-30T09:50:36","modified_gmt":"2021-09-30T09:50:36","slug":"legal-notice","status":"publish","type":"page","link":"https:\/\/www.dippe.lu\/sk\/legal-notice\/","title":{"rendered":"Legal Notice"},"content":{"rendered":"[vc_row][vc_column][vc_column_text]\n<p style=\"text-align: center;\">Pr\u00e1vne usmernenie<\/p>\n<p style=\"text-align: center;\">Pou\u017e\u00edvanie tejto str\u00e1nky je predmetom pokynov a podmienok uveden\u00fdch ni\u017e\u0161ie.<\/p>\n<p style=\"text-align: center;\">Pri pou\u017e\u00edvan\u00ed tejto str\u00e1nky s\u00fahlas\u00edte s re\u0161pektovan\u00edm t\u00fdchto pokynov a podmienok.<\/p>\n<p style=\"text-align: center;\">DIPPE Projektov\u00fd t\u00edm <a href=\"mailto:dippe@uni.lu\">dippe@uni.lu<\/a><\/p>\n<p style=\"text-align: center;\">T\u00e1to str\u00e1nka je hos\u0165ovan\u00e1 University of Luxembourg.<\/p>\n[\/vc_column_text][vc_custom_heading text=&#8221;<b>Linky <\/b>k usmerneniam &#8221; font_container=&#8221;tag:div|text_align:center|color:%23333333&#8243; use_theme_fonts=&#8221;yes&#8221; el_class=&#8221;head-title&#8221;][vc_empty_space height=&#8221;15px&#8221;][vc_separator el_class=&#8221;lin-vc-separator&#8221;][\/vc_column][\/vc_row][vc_row equal_height=&#8221;yes&#8221; css=&#8221;.vc_custom_1604917791332{background-color: rgba(209,211,212,0.5) !important;*background-color: rgb(209,211,212) !important;}&#8221;][vc_column width=&#8221;1\/2&#8243;][vc_column_text css=&#8221;.vc_custom_1632740826210{padding-top: 0px !important;}&#8221;]\n<p>Linky na extern\u00e9 webov\u00e9 str\u00e1nky alebo na in\u00e9 zdroje nepodliehaj\u00fa odpor\u00fa\u010daniam ani nie s\u00fa garantovan\u00e9 stranou DIPPE projektu vo vz\u0165ahu k ich obsahu, ktor\u00fd zost\u00e1va v zodpovednosti ich autorov.\u00a0<span data-ccp-props=\"{&quot;201341983&quot;:0,&quot;335559739&quot;:160,&quot;335559740&quot;:259}\">\u00a0<\/span><\/p>\n<p>Projektov\u00fd t\u00edm DIPPE umo\u017e\u0148uje vlo\u017eenie svojej webovej str\u00e1nky <a href=\"http:\/\/www.dippe.lu\">www.dippe.lu<\/a> na in\u00e9 webov\u00e9 str\u00e1nky ako odkaz bez komer\u010dn\u00fdch \u00fa\u010delov za predpokladu, \u017ee:<span data-ccp-props=\"{&quot;201341983&quot;:0,&quot;335559739&quot;:160,&quot;335559740&quot;:259}\">\u00a0<\/span><\/p>\n<ul>\n<li>\u00a0\u00a0 Zdrojov\u00e1 webov\u00e1 str\u00e1nka ne\u0161\u00edri inform\u00e1cie politickej, n\u00e1bo\u017eenskej, pornografickej alebo xenofobickej povahy alebo\u00a0 nejak\u00fdm in\u00fdm sp\u00f4sobom ur\u00e1\u017ea in\u00fdch;<span data-ccp-props=\"{&quot;201341983&quot;:0,&quot;335559739&quot;:160,&quot;335559740&quot;:259}\">\u00a0<\/span><\/li>\n<li>\u00a0\u00a0\u00a0 Cie\u013eov\u00e1 str\u00e1nka <a href=\"https:\/\/dippe.lu\">https:\/\/dippe.lu<\/a>\u00a0 sa neobjavuje ako s\u00fa\u010das\u0165 in\u00e9ho zdroja, ale ako nov\u00fd zdroj v novom okne.\u00a0<\/li>\n<\/ul>\n[\/vc_column_text][\/vc_column][vc_column width=&#8221;1\/2&#8243;][vc_column_text css=&#8221;.vc_custom_1632741679602{padding-top: 0px !important;}&#8221;]\n<p>Projektov\u00fd t\u00edm DIPPE m\u00e1 pr\u00e1vo odmietnu\u0165 tak\u00e9to povolenie na pou\u017e\u00edvanie str\u00e1nky.<span data-ccp-props=\"{&quot;201341983&quot;:0,&quot;335559739&quot;:160,&quot;335559740&quot;:259}\">\u00a0<\/span><\/p>\n<p>Projektov\u00fd t\u00edm DIPPE m\u00e1 z\u00e1ujem by\u0165 informovan\u00fd mailom (<a href=\"mailto:dippe@uni.lu\">dippe@uni.lu<\/a>) v pr\u00edpade ak\u00e9hoko\u013evek vytvorenia linku na str\u00e1nku\u00a0 <a href=\"http:\/\/www.dippe.lu\">www.dippe.lu<\/a>.<span data-ccp-props=\"{&quot;201341983&quot;:0,&quot;335559739&quot;:160,&quot;335559740&quot;:259}\">\u00a0<\/span><\/p>\n[\/vc_column_text][\/vc_column][\/vc_row][vc_row el_class=&#8221;row-section&#8221;][vc_column][\/vc_column][\/vc_row][vc_row][vc_column][vc_custom_heading text=&#8221;<b>Ochrana <\/b> osobn\u00fdch \u00fadajov&#8221; font_container=&#8221;tag:div|text_align:center|color:%23333333&#8243; use_theme_fonts=&#8221;yes&#8221; el_class=&#8221;head-title&#8221;][vc_empty_space height=&#8221;15px&#8221;][vc_separator el_class=&#8221;lin-vc-separator&#8221;][vc_row_inner][vc_column_inner width=&#8221;1\/2&#8243;][vc_column_text]\n<p>Na z\u00e1klade luxembursk\u00e9ho z\u00e1kona z\u00a0 2. augusta 2002 o ochrane jednotlivcov v zmysle ochrany osobn\u00fdch \u00fadajov (Loi du 2 ao\u00fbt 2002 relative \u00e0 la protection des personnes \u00e0 l\u2019\u00e9gard du traitement des donn\u00e9es \u00e0 caract\u00e8re personnel \u2013 (see <a href=\"http:\/\/www.legilux.lu\/\">legilux<\/a>), mate pr\u00e1vo k pr\u00edstupu, zmene a vymazan\u00ed osobn\u00fdch \u00fadajov, ktor\u00e9 sa V\u00e1s t\u00fdkaj\u00fa. Toto pr\u00e1vo si m\u00f4\u017eete uplatni\u0165 po\u017eiadavkou cez email.<span data-ccp-props=\"{&quot;201341983&quot;:0,&quot;335559739&quot;:160,&quot;335559740&quot;:259}\">\u00a0<\/span><\/p>\n<p>\u00dadaje zhroma\u017eden\u00e9 na na\u0161ej str\u00e1nke poch\u00e1dzaj\u00fa z osobn\u00fdch \u00fadajov poskytnut\u00fdch dobrovo\u013ene, napr\u00edklad <a href=\"\/contact\/\">pri vyp\u013a\u0148an\u00ed kontaktn\u00e9ho formul\u00e1ra.\u00a0<\/a><span data-ccp-props=\"{&quot;201341983&quot;:0,&quot;335559739&quot;:160,&quot;335559740&quot;:259}\">\u00a0<\/span><\/p>\n<p>T\u00e1to str\u00e1nka pou\u017e\u00edva Google Analytics, webov\u00fa str\u00e1nku poskytovan\u00fa spolo\u010dnos\u0165ou Google Inc. (\u201cGoogle\u201d). \u201cGoogle Analytics pou\u017e\u00edva cookies, ktor\u00e9 predstavuj\u00fa textov\u00e9 s\u00fabory umiestnen\u00e9 do V\u00e1\u0161ho po\u010d\u00edta\u010da, aby pomohli str\u00e1nkam analyzova\u0165, ako pou\u017e\u00edvate\u013e vyu\u017e\u00edva str\u00e1nku. Inform\u00e1cie generovan\u00e9 prostredn\u00edctvom cookies (vr\u00e1tane Va\u0161ej IP adresy) s\u00fa prenesen\u00e9 a ulo\u017een\u00e9 spolo\u010dnos\u0165ou Google na serveroch v USA.<span data-ccp-props=\"{&quot;201341983&quot;:0,&quot;335559739&quot;:160,&quot;335559740&quot;:259}\">\u00a0<\/span><\/p>\n[\/vc_column_text][\/vc_column_inner][vc_column_inner width=&#8221;1\/2&#8243;][vc_column_text]\n<p>Google bude pou\u017e\u00edva\u0165 tieto inform\u00e1cie s cie\u013eom analyzova\u0165 Va\u0161e pou\u017e\u00edvanie str\u00e1nky, tvori\u0165 reporty k aktivite na str\u00e1nke pre oper\u00e1tora str\u00e1nky a poskytovania inform\u00e1ci\u00ed tret\u00edm stran\u00e1m v pr\u00edpade, \u017ee je vy\u017eadovan\u00e9 pr\u00e1vom, alebo ak t\u00e1to tretia strana sprac\u00fava inform\u00e1cie v mene spolo\u010dnosti Google, vr\u00e1tane oper\u00e1tora str\u00e1nky. Spolo\u010dnos\u0165 Google nebude sp\u00e1ja\u0165 Va\u0161u IP adresu so \u017eiadnymi in\u00fdmi d\u00e1tami ulo\u017een\u00fdmi v spolo\u010dnosti Google.\u00a0 Funkciu cookies m\u00f4\u017eete zru\u0161i\u0165 v\u00fdberom vhodn\u00e9ho nastavenia na Va\u0161om prehliada\u010di. Na druhej strane, zru\u0161enie cookies V\u00e1m m\u00f4\u017ee zabr\u00e1ni\u0165 pri pou\u017e\u00edvan\u00ed v\u0161etk\u00fdch funkcional\u00edt str\u00e1nky. Pou\u017e\u00edvan\u00edm tejto str\u00e1nky, explicitne s\u00fahlas\u00edte so spracovan\u00edm Va\u0161ich \u00fadajov spolo\u010dnos\u0165ou Google v zmysle vy\u0161\u0161ie uveden\u00fdch podmienok.\u00a0\u00a0<span data-ccp-props=\"{&quot;201341983&quot;:0,&quot;335559739&quot;:160,&quot;335559740&quot;:259}\">\u00a0<\/span><\/p>\n[\/vc_column_text][\/vc_column_inner][\/vc_row_inner][\/vc_column][\/vc_row][vc_row el_class=&#8221;row-section&#8221;][vc_column][\/vc_column][\/vc_row][vc_row][vc_column][vc_custom_heading text=&#8221;<b>Copyright<\/b>&#8221; font_container=&#8221;tag:div|text_align:center|color:%23333333&#8243; use_theme_fonts=&#8221;yes&#8221; el_class=&#8221;head-title&#8221;][vc_empty_space height=&#8221;15px&#8221;][vc_separator el_class=&#8221;lin-vc-separator&#8221;][vc_row_inner css=&#8221;.vc_custom_1606124793186{background-color: rgba(209,211,212,0.5) !important;*background-color: rgb(209,211,212) !important;}&#8221;][vc_column_inner width=&#8221;1\/2&#8243;][vc_column_text]\n<p>T\u00e1to str\u00e1nka je spolu s inform\u00e1ciami a dokumentmi, ktor\u00e9 obsahuje (texty, obr\u00e1zky, fotografie at\u010f.), chr\u00e1nen\u00e1 z\u00e1konmi o du\u0161evnom vlastn\u00edctve a z\u00e1konmi o autorsk\u00fdch pr\u00e1vach vo v\u0161etk\u00fdch krajin\u00e1ch. Zav\u00e4zujete sa re\u0161pektova\u0165 tieto predpisy o du\u0161evnom vlastn\u00edctve a obmedzenia pou\u017e\u00edvania autorsk\u00fdch pr\u00e1v uveden\u00e9 v ka\u017edom dokumente bez toho, aby boli dotknut\u00e9 pr\u00e1va a v\u00fdnimky predpokladan\u00e9 v ak\u00fdchko\u013evek z\u00e1v\u00e4zn\u00fdch ustanoveniach platn\u00fdch pr\u00e1vnych predpisov. V\u0161etky pr\u00e1va na reprodukciu, verejn\u00fa komunik\u00e1ciu, adapt\u00e1ciu, distrib\u00faciu alebo op\u00e4tovn\u00e9 vysielanie prostredn\u00edctvom internetu, intranetu alebo ak\u00fdchko\u013evek in\u00fdch prostriedkov s\u00fa pr\u00edsne vyhraden\u00e9 vo v\u0161etk\u00fdch krajin\u00e1ch. Dokumenty dostupn\u00e9 na tomto webe s\u00fa v\u00fdlu\u010dn\u00fdm vlastn\u00edctvom projektov\u00e9ho t\u00edmu DIPPE a \/ alebo ich autorov alebo dr\u017eite\u013eov pr\u00e1v. Zav\u00e4zujete sa, \u017ee neodstr\u00e1nite ani nezmen\u00edte upozornenie na autorsk\u00e9 pr\u00e1va, ktor\u00e9 uv\u00e1dza autora alebo zdroj dokumentu, ani \u017ee nebudete obch\u00e1dza\u0165 ochranu dokumentov v oblasti ochrany digit\u00e1lnych pr\u00e1v, napr\u00edklad obmedzenia tla\u010de alebo s\u0165ahovania a vidite\u013en\u00e9 alebo nevidite\u013en\u00e9 vodoznaky. Ak\u00e9ko\u013evek poru\u0161enie m\u00f4\u017ee vies\u0165 k ob\u010dianskopr\u00e1vnemu alebo trestn\u00e9mu konaniu.<span data-ccp-props=\"{&quot;201341983&quot;:0,&quot;335551550&quot;:6,&quot;335551620&quot;:6,&quot;335559739&quot;:160,&quot;335559740&quot;:259}\">\u00a0<\/span><\/p>\n[\/vc_column_text][\/vc_column_inner][vc_column_inner width=&#8221;1\/2&#8243;][vc_column_text]\n<p>Fotografie a osobn\u00e9 dokumenty dostupn\u00e9 na tomto serveri m\u00f4\u017eu tie\u017e podlieha\u0165 v\u00fdhradn\u00fdm pr\u00e1vam fotografovan\u00fdch os\u00f4b alebo majite\u013eov vy\u0161\u0161ie uveden\u00fdch dokumentov, na \u010fal\u0161ie pou\u017eitie sa vyhradzuje predch\u00e1dzaj\u00face povolenie.<span data-ccp-props=\"{&quot;201341983&quot;:0,&quot;335551550&quot;:6,&quot;335551620&quot;:6,&quot;335559739&quot;:160,&quot;335559740&quot;:259}\">\u00a0<\/span><\/p>\n<p>\u017diadosti o autoriz\u00e1ciu by sa mali zasiela\u0165 projektov\u00e9mu t\u00edmu DIPPE na ni\u017e\u0161ie uveden\u00fa adresu alebo dotknut\u00fdm autorom alebo dr\u017eite\u013eom pr\u00e1v.<span data-ccp-props=\"{&quot;201341983&quot;:0,&quot;335551550&quot;:6,&quot;335551620&quot;:6,&quot;335559739&quot;:160,&quot;335559740&quot;:259}\">\u00a0<\/span><\/p>\n<p>Ofici\u00e1lne dokumenty s\u00fa autentick\u00e9 iba v p\u00f4vodnom znen\u00ed, ktor\u00e9 je mo\u017en\u00e9 kontaktova\u0165 u vydavate\u013ea.<span data-ccp-props=\"{&quot;201341983&quot;:0,&quot;335551550&quot;:6,&quot;335551620&quot;:6,&quot;335559739&quot;:160,&quot;335559740&quot;:259}\">\u00a0<\/span><\/p>\n<p>Obsah poskytovan\u00fd projektov\u00fdm t\u00edmom DIPPE nemus\u00ed by\u0165 nevyhnutne komplexn\u00fd, vy\u010derp\u00e1vaj\u00faci, presn\u00fd alebo aktu\u00e1lny. Ak by sa aj napriek n\u00e1\u0161mu maxim\u00e1lnemu \u00fasiliu podarilo n\u00e1js\u0165 chyby, nemus\u00ed by\u0165 projektov\u00fd t\u00edm DIPPE zodpovedn\u00fd. T\u00edm projektu DIPPE by napriek tomu ocenil, keby bol informovan\u00fd o ak\u00fdchko\u013evek tak\u00fdchto chyb\u00e1ch.<\/p>\n[\/vc_column_text][\/vc_column_inner][\/vc_row_inner][\/vc_column][\/vc_row][vc_row el_class=&#8221;row-section&#8221;][vc_column][\/vc_column][\/vc_row][vc_row][vc_column][vc_custom_heading text=&#8221;<b>Cookies <\/b>&#8221; font_container=&#8221;tag:div|text_align:center|color:%23333333&#8243; use_theme_fonts=&#8221;yes&#8221; el_class=&#8221;head-title&#8221;][vc_empty_space height=&#8221;15px&#8221;][vc_separator el_class=&#8221;lin-vc-separator&#8221;][vc_row_inner][vc_column_inner width=&#8221;1\/2&#8243;][vc_column_text]\n<p><strong>\u010co je cookie?\u00a0<\/strong><\/p>\n<p><span class=\"TextRun SCXW104408091\" lang=\"SK-SK\" xml:lang=\"SK-SK\"><span class=\"NormalTextRun SCXW104408091\">Cookie<\/span><\/span><span class=\"TextRun SCXW104408091\" lang=\"SK-SK\" xml:lang=\"SK-SK\"><span class=\"NormalTextRun SCXW104408091\"> je mal\u00fd \u00fadaj alebo spr\u00e1va, ktor\u00e1 sa odo\u0161le z webov\u00e9ho servera organiz\u00e1cie do v\u00e1\u0161ho webov\u00e9ho prehliada\u010da a potom sa ulo\u017e\u00ed na v\u00e1\u0161 pevn\u00fd disk. S\u00fabory <\/span><\/span><span class=\"TextRun SCXW104408091\" lang=\"SK-SK\" xml:lang=\"SK-SK\"><span class=\"NormalTextRun SCXW104408091\">cookie<\/span><\/span><span class=\"TextRun SCXW104408091\" lang=\"SK-SK\" xml:lang=\"SK-SK\"><span class=\"NormalTextRun SCXW104408091\"> nem\u00f4\u017eu \u010d\u00edta\u0165 \u00fadaje z v\u00e1\u0161ho pevn\u00e9ho disku alebo s\u00faborov <\/span><\/span><span class=\"TextRun SCXW104408091\" lang=\"SK-SK\" xml:lang=\"SK-SK\"><span class=\"NormalTextRun SCXW104408091\">cookie<\/span><\/span><span class=\"TextRun SCXW104408091\" lang=\"SK-SK\" xml:lang=\"SK-SK\"><span class=\"NormalTextRun SCXW104408091\"> vytvoren\u00fdch in\u00fdmi webmi a nepo\u0161kodzuj\u00fa v\u00e1\u0161 syst\u00e9m.<\/span><\/span><\/p>\n[\/vc_column_text][\/vc_column_inner][vc_column_inner width=&#8221;1\/2&#8243;][vc_column_text]\n<p><strong>Ako str\u00e1nka DIPPE a jej slu\u017eby pou\u017e\u00edvaj\u00fa Cookie?\u00a0<\/strong><\/p>\n<p>S\u00fabory cookie pou\u017e\u00edvame iba na sledovanie v\u00fdkonnosti na\u0161ich webov\u00fdch str\u00e1nok a na zlep\u0161enie pou\u017e\u00edvate\u013esk\u00e9ho z\u00e1\u017eitku. Na tento \u00fa\u010del pou\u017e\u00edvame slu\u017ebu Google Analytics. Anal\u00fdza sa vykon\u00e1va \u010disto a anonymne. V na\u0161ej konfigur\u00e1cii nie s\u00fa remarketingov\u00e9 funkcie Google Analytics ani pou\u017eit\u00e9, ani povolen\u00e9, a preto nezdie\u013eame \u017eiadne \u00fadaje s tret\u00edmi stranami. Google Analytics pou\u017e\u00edva \u201ecookies\u201c, aby pomohol webovej str\u00e1nke analyzova\u0165, ako pou\u017e\u00edvatelia pou\u017e\u00edvaj\u00fa webov\u00e9 str\u00e1nky, aplik\u00e1cie alebo slu\u017eby:<span data-ccp-props=\"{&quot;201341983&quot;:0,&quot;335559739&quot;:160,&quot;335559740&quot;:259}\">\u00a0<\/span><\/p>\n[\/vc_column_text][\/vc_column_inner][\/vc_row_inner][\/vc_column][\/vc_row][vc_row el_class=&#8221;row-section&#8221;][vc_column][\/vc_column][\/vc_row][vc_row][vc_column][vc_custom_heading text=&#8221;<b>Povolen\u00e9 <\/b> pou\u017eitie&#8221; font_container=&#8221;tag:div|text_align:center|color:%23333333&#8243; use_theme_fonts=&#8221;yes&#8221; el_class=&#8221;head-title&#8221;][vc_empty_space height=&#8221;15px&#8221;][vc_separator el_class=&#8221;lin-vc-separator&#8221;][vc_row_inner][vc_column_inner][vc_column_text]\n<p><span data-ccp-props=\"{&quot;201341983&quot;:0,&quot;335559739&quot;:160,&quot;335559740&quot;:259}\">\u00a0<\/span><\/p>\n<p>Kr\u00e1tke cit\u00e1cie s\u00fa povolen\u00e9 za predpokladu, \u017ee bude uveden\u00e9 meno autora citovan\u00e9ho dokumentu a jeho zdroj.<span data-ccp-props=\"{&quot;201341983&quot;:0,&quot;335559739&quot;:160,&quot;335559740&quot;:259}\">\u00a0<\/span><\/p>\n<p>Pou\u017e\u00edvatelia s\u00fa v\u00fdlu\u010dne zodpovedn\u00ed za pou\u017eitie materi\u00e1lu poskytnut\u00e9ho na tejto str\u00e1nke.<span data-ccp-props=\"{&quot;201341983&quot;:0,&quot;335559739&quot;:160,&quot;335559740&quot;:259}\">\u00a0<\/span><\/p>\n<p>Rozhodn\u00e9 pr\u00e1vo a pridelenie pr\u00e1vomoci<span data-ccp-props=\"{&quot;201341983&quot;:0,&quot;335559739&quot;:160,&quot;335559740&quot;:259}\">\u00a0<\/span><\/p>\n<p>Uplat\u0148uje sa luxembursk\u00e9 pr\u00e1vo a s\u00fady Luxembursk\u00e9ho ve\u013ekovojvodstva maj\u00fa v\u00fdlu\u010dn\u00fa jurisdikciu v pr\u00edpade ak\u00fdchko\u013evek sporov t\u00fdkaj\u00facich sa tejto str\u00e1nky<span data-ccp-props=\"{&quot;201341983&quot;:0,&quot;335559739&quot;:160,&quot;335559740&quot;:259}\">\u00a0<\/span><\/p>\n<p>&nbsp;<\/p>\n[\/vc_column_text][vc_column_text]\n<p><a href=\"mailto:dippe@uni.lu\">Kontakt: dippe@uni.lu<\/a><\/p>\n<p>&nbsp;<\/p>\n[\/vc_column_text][\/vc_column_inner][\/vc_row_inner][\/vc_column][\/vc_row]\n","protected":false},"excerpt":{"rendered":"<p>[vc_row][vc_column][vc_column_text] Pr\u00e1vne usmernenie Pou\u017e\u00edvanie tejto str\u00e1nky je predmetom pokynov a podmienok uveden\u00fdch ni\u017e\u0161ie. Pri pou\u017e\u00edvan\u00ed tejto str\u00e1nky s\u00fahlas\u00edte s re\u0161pektovan\u00edm t\u00fdchto pokynov a podmienok. DIPPE Projektov\u00fd t\u00edm dippe@uni.lu T\u00e1to str\u00e1nka&nbsp;<a href=\"https:\/\/www.dippe.lu\/sk\/legal-notice\/\">&hellip;<\/a><\/p>\n","protected":false},"author":3,"featured_media":0,"parent":0,"menu_order":0,"comment_status":"closed","ping_status":"closed","template":"template-fullwidth.php","meta":[],"_links":{"self":[{"href":"https:\/\/www.dippe.lu\/sk\/wp-json\/wp\/v2\/pages\/2464"}],"collection":[{"href":"https:\/\/www.dippe.lu\/sk\/wp-json\/wp\/v2\/pages"}],"about":[{"href":"https:\/\/www.dippe.lu\/sk\/wp-json\/wp\/v2\/types\/page"}],"author":[{"embeddable":true,"href":"https:\/\/www.dippe.lu\/sk\/wp-json\/wp\/v2\/users\/3"}],"replies":[{"embeddable":true,"href":"https:\/\/www.dippe.lu\/sk\/wp-json\/wp\/v2\/comments?post=2464"}],"version-history":[{"count":2,"href":"https:\/\/www.dippe.lu\/sk\/wp-json\/wp\/v2\/pages\/2464\/revisions"}],"predecessor-version":[{"id":2926,"href":"https:\/\/www.dippe.lu\/sk\/wp-json\/wp\/v2\/pages\/2464\/revisions\/2926"}],"wp:attachment":[{"href":"https:\/\/www.dippe.lu\/sk\/wp-json\/wp\/v2\/media?parent=2464"}],"curies":[{"name":"wp","href":"https:\/\/api.w.org\/{rel}","templated":true}]}}