{"id":2453,"date":"2020-09-09T13:14:30","date_gmt":"2020-09-09T13:14:30","guid":{"rendered":"https:\/\/www.dippe.lu\/contact\/"},"modified":"2021-09-30T09:42:04","modified_gmt":"2021-09-30T09:42:04","slug":"contact","status":"publish","type":"page","link":"https:\/\/www.dippe.lu\/sk\/contact\/","title":{"rendered":"Contact"},"content":{"rendered":"[vc_row is_container=&#8221;1&#8243; el_class=&#8221;margin-bottom-zero&#8221;][vc_column css=&#8221;.vc_custom_1455188391350{margin-bottom: 0px !important;}&#8221;][vc_custom_heading text=&#8221;<b>Hovorte s nami!<\/b>&#8221; font_container=&#8221;tag:div|text_align:center|color:%23333333&#8243; use_theme_fonts=&#8221;yes&#8221; el_class=&#8221;head-title&#8221;][vc_empty_space height=&#8221;15px&#8221;][vc_separator el_class=&#8221;lin-vc-separator&#8221;][vc_empty_space height=&#8221;15px&#8221;][\/vc_column][\/vc_row][vc_row][vc_column width=&#8221;1\/3&#8243; css=&#8221;.vc_custom_1452242779418{padding-top: 0px !important;}&#8221;]<div id=\"ultimate-heading-636769e31ce4e3d2f\" class=\"uvc-heading ult-adjust-bottom-margin ultimate-heading-636769e31ce4e3d2f uvc-3213 \" data-hspacer=\"no_spacer\"  data-halign=\"left\" style=\"text-align:left\"><div class=\"uvc-heading-spacer no_spacer\" style=\"top\"><\/div><div class=\"uvc-main-heading ult-responsive\"  data-ultimate-target='.uvc-heading.ultimate-heading-636769e31ce4e3d2f h2'  data-responsive-json-new='{\"font-size\":\"desktop:18px;\",\"line-height\":\"desktop:26px;\"}' ><h2 style=\"font-weight:normal;color:#333333;margin-bottom:15px;\">Kontaktujte n\u00e1s<\/h2><\/div><div class=\"uvc-sub-heading ult-responsive\"  data-ultimate-target='.uvc-heading.ultimate-heading-636769e31ce4e3d2f .uvc-sub-heading '  data-responsive-json-new='{\"font-size\":\"desktop:14px;\",\"line-height\":\"desktop:22px;\"}'  style=\"font-weight:normal;color:#666666;\">\n<p>Ako V\u00e1m m\u00f4\u017eeme pom\u00f4c\u0165? Sme tu, aby sme pomohli a odpovedali na ot\u00e1zky, ktor\u00e9 m\u00e1te. Pros\u00edm, vyberte si t\u00e9mu, ktor\u00e1 sa via\u017ee k Va\u0161ej ot\u00e1zke. Te\u0161\u00edme sa na Va\u0161e podnety!<\/p>\n<\/div><\/div><div class=\"ult-spacer spacer-69e31ce4e3d5c\" data-id=\"69e31ce4e3d5c\" data-height=\"15\" data-height-mobile=\"15\" data-height-tab=\"15\" data-height-tab-portrait=\"\" data-height-mobile-landscape=\"\" style=\"clear:both;display:block;\"><\/div><div id=\"ultimate-heading-120769e31ce4e3d76\" class=\"uvc-heading ult-adjust-bottom-margin ultimate-heading-120769e31ce4e3d76 uvc-3541 \" data-hspacer=\"no_spacer\"  data-halign=\"left\" style=\"text-align:left\"><div class=\"uvc-heading-spacer no_spacer\" style=\"top\"><\/div><div class=\"uvc-main-heading ult-responsive\"  data-ultimate-target='.uvc-heading.ultimate-heading-120769e31ce4e3d76 h2'  data-responsive-json-new='{\"font-size\":\"desktop:18px;\",\"line-height\":\"desktop:26px;\"}' ><h2 style=\"font-weight:normal;color:#333333;margin-bottom:15px;\">Soci\u00e1lne m\u00e9di\u00e1<\/h2><\/div><div class=\"uvc-sub-heading ult-responsive\"  data-ultimate-target='.uvc-heading.ultimate-heading-120769e31ce4e3d76 .uvc-sub-heading '  data-responsive-json-new='{\"font-size\":\"desktop:14px;\",\"line-height\":\"desktop:22px;\"}'  style=\"font-weight:normal;color:#666666;\">\n<p>Pros\u00edm sledujte n\u00e1s na soci\u00e1lnych sie\u0165ach, aby ste z\u00edskali najnov\u0161ie inform\u00e1cie o DIPPE projekte!<\/p>\n<\/div><\/div>[vc_column_text el_class=&#8221;social&#8221;]<span class=\"scp-icon scp-icon-background pull-left scp_icon-75e691dc79a931662005b7f104d48706\"><a href=\"https:\/\/www.facebook.com\/DIPPEproject\" target=\"_blank\"><i class=\"fa fa-facebook\"><\/i><\/a> <\/span><span class=\"scp-icon scp-icon-background pull-left scp_icon-d45d5ea46ff432be79941068acad6736\"><a href=\"https:\/\/twitter.com\/DIPPE12\" target=\"_blank\"><i class=\"fa fa-twitter\"><\/i><\/a> <\/span>[\/vc_column_text][\/vc_column][vc_column width=&#8221;2\/3&#8243; css=&#8221;.vc_custom_1599726602421{margin-bottom: 0px !important;}&#8221;]<div class=\"wpforms-container wpforms-container-full\" id=\"wpforms-2731\"><form id=\"wpforms-form-2731\" class=\"wpforms-validate wpforms-form\" data-formid=\"2731\" method=\"post\" enctype=\"multipart\/form-data\" action=\"\/sk\/wp-json\/wp\/v2\/pages\/2453\" data-token=\"92f73a8cf7a857f3b01ede25bb478617\"><noscript class=\"wpforms-error-noscript\">Please enable JavaScript in your browser to complete this form.<\/noscript><div class=\"wpforms-field-container\"><div id=\"wpforms-2731-field_1-container\" class=\"wpforms-field wpforms-field-text wpforms-one-half wpforms-first\" data-field-id=\"1\"><label class=\"wpforms-field-label\" for=\"wpforms-2731-field_1\">Priezvisko <span class=\"wpforms-required-label\">*<\/span><\/label><input type=\"text\" id=\"wpforms-2731-field_1\" class=\"wpforms-field-large wpforms-field-required\" name=\"wpforms[fields][1]\" required><\/div><div id=\"wpforms-2731-field_5-container\" class=\"wpforms-field wpforms-field-text wpforms-one-half\" data-field-id=\"5\"><label class=\"wpforms-field-label\" for=\"wpforms-2731-field_5\">Meno  <span class=\"wpforms-required-label\">*<\/span><\/label><input type=\"text\" id=\"wpforms-2731-field_5\" class=\"wpforms-field-large wpforms-field-required\" name=\"wpforms[fields][5]\" required><\/div><div id=\"wpforms-2731-field_3-container\" class=\"wpforms-field wpforms-field-email\" data-field-id=\"3\"><label class=\"wpforms-field-label\" for=\"wpforms-2731-field_3\">Email <span class=\"wpforms-required-label\">*<\/span><\/label><input type=\"email\" id=\"wpforms-2731-field_3\" class=\"wpforms-field-large wpforms-field-required\" name=\"wpforms[fields][3]\" required><\/div><div id=\"wpforms-2731-field_6-container\" class=\"wpforms-field wpforms-field-select wpforms-field-select-style-classic\" data-field-id=\"6\"><label class=\"wpforms-field-label\" for=\"wpforms-2731-field_6\">T\u00e9ma <span class=\"wpforms-required-label\">*<\/span><\/label><select id=\"wpforms-2731-field_6\" class=\"wpforms-field-large wpforms-field-required\" name=\"wpforms[fields][6]\" required=\"required\"><option value=\"V\u0161eobecn\u00e1 po\u017eiadavka\" >V\u0161eobecn\u00e1 po\u017eiadavka<\/option><option value=\"Pozornos\u0165 a koncentr\u00e1cia \" >Pozornos\u0165 a koncentr\u00e1cia <\/option><option value=\"Soci\u00e1lne, emo\u010dn\u00e9 a vz\u0165ahov\u00e9 \" >Soci\u00e1lne, emo\u010dn\u00e9 a vz\u0165ahov\u00e9 <\/option><option value=\"Hrub\u00fd a jemn\u00fd motor \" >Hrub\u00fd a jemn\u00fd motor <\/option><option value=\"Fyzick\u00e9 mo\u017enosti \" >Fyzick\u00e9 mo\u017enosti <\/option><option value=\"Chronick\u00e9 stavy \" >Chronick\u00e9 stavy <\/option><option value=\"Verb\u00e1lna a neverb\u00e1lna komunik\u00e1cia \" >Verb\u00e1lna a neverb\u00e1lna komunik\u00e1cia <\/option><option value=\"Zmyslov\u00e9 \" >Zmyslov\u00e9 <\/option><\/select><\/div><div id=\"wpforms-2731-field_4-container\" class=\"wpforms-field wpforms-field-textarea\" data-field-id=\"4\"><label class=\"wpforms-field-label\" for=\"wpforms-2731-field_4\">Spr\u00e1va<\/label><textarea id=\"wpforms-2731-field_4\" class=\"wpforms-field-large\" name=\"wpforms[fields][4]\" ><\/textarea><\/div><\/div><div class=\"wpforms-submit-container\" ><input type=\"hidden\" name=\"wpforms[id]\" value=\"2731\"><input type=\"hidden\" name=\"wpforms[author]\" value=\"1\"><button type=\"submit\" name=\"wpforms[submit]\" class=\"wpforms-submit \" id=\"wpforms-submit-2731\" value=\"wpforms-submit\" aria-live=\"assertive\" data-alt-text=\"Sending...\" data-submit-text=\"Predlo\u017ei\u0165\">Predlo\u017ei\u0165<\/button><\/div><\/form><\/div>  <!-- .wpforms-container -->[\/vc_column][\/vc_row]\n","protected":false},"excerpt":{"rendered":"<p>[vc_row is_container=&#8221;1&#8243; el_class=&#8221;margin-bottom-zero&#8221;][vc_column css=&#8221;.vc_custom_1455188391350{margin-bottom: 0px !important;}&#8221;][vc_custom_heading text=&#8221;Hovorte s nami!&#8221; font_container=&#8221;tag:div|text_align:center|color:%23333333&#8243; use_theme_fonts=&#8221;yes&#8221; el_class=&#8221;head-title&#8221;][vc_empty_space height=&#8221;15px&#8221;][vc_separator el_class=&#8221;lin-vc-separator&#8221;][vc_empty_space height=&#8221;15px&#8221;][\/vc_column][\/vc_row][vc_row][vc_column width=&#8221;1\/3&#8243; css=&#8221;.vc_custom_1452242779418{padding-top: 0px !important;}&#8221;][vc_column_text el_class=&#8221;social&#8221;][\/vc_column_text][\/vc_column][vc_column width=&#8221;2\/3&#8243; css=&#8221;.vc_custom_1599726602421{margin-bottom: 0px !important;}&#8221;][\/vc_column][\/vc_row]<\/p>\n","protected":false},"author":1,"featured_media":2400,"parent":0,"menu_order":0,"comment_status":"closed","ping_status":"closed","template":"template-fullwidth.php","meta":[],"_links":{"self":[{"href":"https:\/\/www.dippe.lu\/sk\/wp-json\/wp\/v2\/pages\/2453"}],"collection":[{"href":"https:\/\/www.dippe.lu\/sk\/wp-json\/wp\/v2\/pages"}],"about":[{"href":"https:\/\/www.dippe.lu\/sk\/wp-json\/wp\/v2\/types\/page"}],"author":[{"embeddable":true,"href":"https:\/\/www.dippe.lu\/sk\/wp-json\/wp\/v2\/users\/1"}],"replies":[{"embeddable":true,"href":"https:\/\/www.dippe.lu\/sk\/wp-json\/wp\/v2\/comments?post=2453"}],"version-history":[{"count":2,"href":"https:\/\/www.dippe.lu\/sk\/wp-json\/wp\/v2\/pages\/2453\/revisions"}],"predecessor-version":[{"id":2732,"href":"https:\/\/www.dippe.lu\/sk\/wp-json\/wp\/v2\/pages\/2453\/revisions\/2732"}],"wp:featuredmedia":[{"embeddable":true,"href":"https:\/\/www.dippe.lu\/sk\/wp-json\/wp\/v2\/media\/2400"}],"wp:attachment":[{"href":"https:\/\/www.dippe.lu\/sk\/wp-json\/wp\/v2\/media?parent=2453"}],"curies":[{"name":"wp","href":"https:\/\/api.w.org\/{rel}","templated":true}]}}