{"id":2399,"date":"2020-12-26T13:46:34","date_gmt":"2020-12-26T13:46:34","guid":{"rendered":"https:\/\/www.dippe.lu\/?page_id=2399"},"modified":"2021-09-30T09:37:22","modified_gmt":"2021-09-30T09:37:22","slug":"about","status":"publish","type":"page","link":"https:\/\/www.dippe.lu\/sk\/about\/","title":{"rendered":"About"},"content":{"rendered":"[vc_row][vc_column][vc_custom_heading text=&#8221;<b>Projekt<\/b> &#8221; font_container=&#8221;tag:div|text_align:center|color:%23333333&#8243; use_theme_fonts=&#8221;yes&#8221; el_class=&#8221;head-title&#8221;][vc_empty_space height=&#8221;15px&#8221;][vc_separator el_class=&#8221;lin-vc-separator&#8221;][vc_column_text]\n<p>DIPPE (Disentangling Inclusion in Primary Physical Education) projekt je <em>Strategick\u00fdm partnerstvom pre \u0161kolsk\u00e9 vzdel\u00e1vanie<\/em> v K\u013e\u00fa\u010dovej akcii 2 <em>Spolupr\u00e1ca pre inov\u00e1cie a v\u00fdmenu dobrej praxe<\/em> v programe Erasmus+, ktor\u00fd sa zameriava na spr\u00edstupnenie strat\u00e9gi\u00ed inkluz\u00edvnej telesnej v\u00fdchovy pre u\u010dite\u013eov.<\/p>\n<p>Za\u010diatok projektu: 01-12-2018 &#8211; koniec: 31-05-2021<\/p>\n[\/vc_column_text][\/vc_column][\/vc_row][vc_row equal_height=&#8221;yes&#8221;][vc_column][vc_custom_heading text=&#8221;<b>Kontext <\/b> a pozadie projektu&#8221; font_container=&#8221;tag:div|text_align:center|color:%23333333&#8243; use_theme_fonts=&#8221;yes&#8221; el_class=&#8221;head-title&#8221;][vc_empty_space height=&#8221;15px&#8221;][vc_separator el_class=&#8221;lin-vc-separator&#8221;][\/vc_column][vc_column][vc_row_inner css=&#8221;.vc_custom_1606124973453{background-color: rgba(209,211,212,0.5) !important;*background-color: rgb(209,211,212) !important;}&#8221;][vc_column_inner width=&#8221;1\/2&#8243;][vc_column_text]\n<p class=\"p1\">Inkl\u00fazia vy\u017eaduje, aby u\u010ditelia vyvinuli met\u00f3dy a sp\u00f4soby, ako plne za\u010dleni\u0165 mlad\u00fdch \u013eud\u00ed vr\u00e1tane t\u00fdch, ktor\u00ed maj\u00fa \u0161peci\u00e1lne potreby (\u0160VVP) do \u0161koly, ale s\u00fa\u010dasne bud\u00fa tieto met\u00f3dy prospe\u0161n\u00e9 pre v\u0161etk\u00fdch. Telesn\u00e1 v\u00fdchova (TV) m\u00e1 holistick\u00e9 v\u00fdhody pre v\u0161etk\u00fdch vo fyzickej, soci\u00e1lnej a kognit\u00edvnej oblasti. Pre deti so \u0160VVP existuj\u00fa \u010fal\u0161ie v\u00fdhody vr\u00e1tane rozvoja motorick\u00fdch schopnost\u00ed, zn\u00ed\u017eenia rizika sekund\u00e1rnych zdravotn\u00fdch \u0165a\u017ekost\u00ed, podpory kognit\u00edvneho v\u00fdvoja a podpory jazyka a komunik\u00e1cie. V z\u00e1ujme celostn\u00e9ho rozvoja mal\u00fdch det\u00ed u\u010dia u\u010ditelia. stup\u0148a na z\u00e1kladn\u00fdch \u0161kol\u00e1ch v\u0161etky predmety u\u010debn\u00fdch osnov v mnoh\u00fdch krajin\u00e1ch, zatia\u013e \u010do v in\u00fdch krajin\u00e1ch maj\u00fa \u0161pecialistov pre v\u00fdu\u010dbu telesnej v\u00fdchovy alebo obidve tieto mo\u017enosti.<\/p>\n[\/vc_column_text][\/vc_column_inner][vc_column_inner width=&#8221;1\/2&#8243;][vc_column_text]\n<p class=\"p1\">Literat\u00fara zd\u00f4raz\u0148uje v\u00fdzvy, ktor\u00fdm u\u010ditelia \u010delia pri v\u00fdu\u010dbe telesnej v\u00fdchovy, najm\u00e4 ako ne\u0161pecializovan\u00ed u\u010ditelia. Postupy, ktor\u00e9 pou\u017e\u00edvaj\u00fa u\u010ditelia telesnej v\u00fdchovy, s\u00fa rozhoduj\u00face pre \u00faspech polit\u00edk skuto\u010dn\u00e9ho za\u010dlenenia. Ako pedag\u00f3govia vn\u00edmame, \u017ee pre u\u010dite\u013eov je n\u00e1ro\u010dn\u00e9 n\u00e1js\u0165 inform\u00e1cie a zdroje s\u00favisiace s inkl\u00faziou v telesnej v\u00fdchove na jednej konkr\u00e9tnej platforme.<\/p>\n[\/vc_column_text][\/vc_column_inner][\/vc_row_inner][\/vc_column][\/vc_row][vc_row equal_height=&#8221;yes&#8221; content_placement=&#8221;top&#8221;][vc_column width=&#8221;1\/2&#8243;][vc_custom_heading text=&#8221;hidden text&#8221; font_container=&#8221;tag:div|text_align:center|color:%23333333&#8243; use_theme_fonts=&#8221;yes&#8221; el_class=&#8221;head-title hidden-text&#8221;][vc_custom_heading text=&#8221;<b> Ciele<\/b>&#8221; font_container=&#8221;tag:div|text_align:center|color:%23333333&#8243; use_theme_fonts=&#8221;yes&#8221; el_class=&#8221;head-title&#8221;][vc_empty_space height=&#8221;15px&#8221;][vc_separator el_class=&#8221;lin-vc-separator&#8221;][vc_row_inner][vc_column_inner][vc_column_text]\n<ul>\n<li>Zmapova\u0165 s\u00fa\u010dasn\u00fa situ\u00e1ciu vo vz\u0165ahu k dostupn\u00fdm inform\u00e1ci\u00e1m a zdrojom k inkl\u00fazii v prim\u00e1rnej TV;<\/li>\n<li>Vytvori\u0165 zdroje pre podporu u\u010dite\u013eov na zvl\u00e1dnutie v\u00fdziev s\u00favisiacich s inkl\u00faziou v prim\u00e1rnej TV;<\/li>\n<li>Vytvori\u0165 zdroje vo\u013ene dostupn\u00e9 na otvorenej vzdel\u00e1vacej platforme;<\/li>\n<li>Vytvori\u0165 program vzdel\u00e1vania u\u010dite\u013eov pre vyu\u017eitie tohto zdroja v praxi.<\/li>\n<\/ul>\n[\/vc_column_text][\/vc_column_inner][\/vc_row_inner][vc_empty_space height=&#8221;80px&#8221; el_class=&#8221;empty-space-mobile&#8221;][\/vc_column][vc_column width=&#8221;1\/2&#8243;][vc_custom_heading text=&#8221;<b> Kr\u00e1tky <\/b>popis v\u00fdsledkov projektu&#8221; font_container=&#8221;tag:div|text_align:center|color:%23333333&#8243; use_theme_fonts=&#8221;yes&#8221; el_class=&#8221;head-title&#8221;][vc_empty_space height=&#8221;15px&#8221;][vc_separator el_class=&#8221;lin-vc-separator&#8221;][vc_row_inner][vc_column_inner][vc_column_text]\n<ul>\n<li>Vo\u013ene dostupn\u00fd vzdel\u00e1vac\u00ed zdroj pre u\u010dite\u013eov pre z\u00edskanie inform\u00e1ci\u00ed, pedagogick\u00fdch n\u00e1strojov a zdrojov pre inkl\u00faziu v\u0161etk\u00fdch det\u00ed na hodin\u00e1ch prim\u00e1rnej telesnej v\u00fdchovy, \u010d\u00edm sa umo\u017en\u00ed kvalitn\u00e9 vzdel\u00e1vanie pre podporu celkov\u00e9ho rozvoja, pohybovej gramotnosti a celo\u017eivotnej pohybovej aktivity.<\/li>\n<li>Program vzdel\u00e1vania pre u\u010dite\u013eov pre dobr\u00fa implement\u00e1ciu zdroja v praxi..<\/li>\n<li>Podpora u\u010dite\u013eov prim\u00e1rneho vzdel\u00e1vania v realiz\u00e1cii inkluz\u00edvnej TV.<\/li>\n<li>Pr\u00edstup k pedag\u00f3gom v pregradu\u00e1lnej pr\u00edprave a v \u010fal\u0161om vzdel\u00e1van\u00ed u\u010dite\u013eov, smeruj\u00faci k nov\u00e9mu, inovat\u00edvnemu vzdel\u00e1vaniu a zdrojom pre podporu inkl\u00fazie v prim\u00e1rnej telesnej v\u00fdchove.<\/li>\n<\/ul>\n[\/vc_column_text][\/vc_column_inner][\/vc_row_inner][\/vc_column][\/vc_row][vc_row el_class=&#8221;about-intellectual-section&#8221;][vc_column][vc_custom_heading text=&#8221;<b> Intelektu\u00e1lne <\/b>v\u00fdstupy&#8221; font_container=&#8221;tag:div|text_align:center|color:%23333333&#8243; use_theme_fonts=&#8221;yes&#8221; el_class=&#8221;head-title&#8221;][vc_empty_space height=&#8221;15px&#8221;][vc_separator el_class=&#8221;lin-vc-separator&#8221;][vc_row_inner css=&#8221;.vc_custom_1606125019339{background-color: rgba(209,211,212,0.5) !important;*background-color: rgb(209,211,212) !important;}&#8221;][vc_column_inner][vc_column_text]\n<ul>\n<li>Intelektu\u00e1lny v\u00fdstup 1: <em>Odpor\u00fa\u010dania k podpore inkluz\u00edvnej prim\u00e1rnej telesnej v\u00fdchovy<\/em><\/li>\n<li>Intelektu\u00e1lny v\u00fdstup 2: <em>Tematick\u00e9 moduly k inkluz\u00edvnym v\u00fdzvam v r\u00e1mci prim\u00e1rnej telesnej v\u00fdchovy<\/em><\/li>\n<li>Intelektu\u00e1lny v\u00fdstup 3: <a href=\"https:\/\/www.dippe.lu\/\">Website<\/a><\/li>\n<li>Intelektu\u00e1lny v\u00fdstup 4: <em>Program \u0161kolenia u\u010dite\u013eov\/n\u00e1stroj<\/em><\/li>\n<li>Intelektu\u00e1lny v\u00fdstup 5: <em>Odpor\u00fa\u010dania pre implement\u00e1ciu<\/em><\/li>\n<\/ul>\n[\/vc_column_text][\/vc_column_inner][\/vc_row_inner][\/vc_column][\/vc_row]\n","protected":false},"excerpt":{"rendered":"<p>[vc_row][vc_column][vc_custom_heading text=&#8221;Projekt &#8221; font_container=&#8221;tag:div|text_align:center|color:%23333333&#8243; use_theme_fonts=&#8221;yes&#8221; el_class=&#8221;head-title&#8221;][vc_empty_space height=&#8221;15px&#8221;][vc_separator el_class=&#8221;lin-vc-separator&#8221;][vc_column_text] DIPPE (Disentangling Inclusion in Primary Physical Education) projekt je Strategick\u00fdm partnerstvom pre \u0161kolsk\u00e9 vzdel\u00e1vanie v K\u013e\u00fa\u010dovej akcii 2 Spolupr\u00e1ca pre inov\u00e1cie a&nbsp;<a href=\"https:\/\/www.dippe.lu\/sk\/about\/\">&hellip;<\/a><\/p>\n","protected":false},"author":10,"featured_media":2400,"parent":0,"menu_order":0,"comment_status":"closed","ping_status":"closed","template":"page-inclusion.php","meta":[],"_links":{"self":[{"href":"https:\/\/www.dippe.lu\/sk\/wp-json\/wp\/v2\/pages\/2399"}],"collection":[{"href":"https:\/\/www.dippe.lu\/sk\/wp-json\/wp\/v2\/pages"}],"about":[{"href":"https:\/\/www.dippe.lu\/sk\/wp-json\/wp\/v2\/types\/page"}],"author":[{"embeddable":true,"href":"https:\/\/www.dippe.lu\/sk\/wp-json\/wp\/v2\/users\/10"}],"replies":[{"embeddable":true,"href":"https:\/\/www.dippe.lu\/sk\/wp-json\/wp\/v2\/comments?post=2399"}],"version-history":[{"count":3,"href":"https:\/\/www.dippe.lu\/sk\/wp-json\/wp\/v2\/pages\/2399\/revisions"}],"predecessor-version":[{"id":2730,"href":"https:\/\/www.dippe.lu\/sk\/wp-json\/wp\/v2\/pages\/2399\/revisions\/2730"}],"wp:featuredmedia":[{"embeddable":true,"href":"https:\/\/www.dippe.lu\/sk\/wp-json\/wp\/v2\/media\/2400"}],"wp:attachment":[{"href":"https:\/\/www.dippe.lu\/sk\/wp-json\/wp\/v2\/media?parent=2399"}],"curies":[{"name":"wp","href":"https:\/\/api.w.org\/{rel}","templated":true}]}}