{"id":2514,"date":"2020-11-03T11:05:59","date_gmt":"2020-11-03T11:05:59","guid":{"rendered":"https:\/\/www.dippe.lu\/understanding-inclusion\/"},"modified":"2021-09-30T11:23:25","modified_gmt":"2021-09-30T11:23:25","slug":"understanding-inclusion","status":"publish","type":"page","link":"https:\/\/www.dippe.lu\/es\/understanding-inclusion\/","title":{"rendered":"Understanding Inclusion"},"content":{"rendered":"[vc_row][vc_column][vc_custom_heading text=&#8221;<b>El Concepto de Inclusi\u00f3n:<\/b>  \u2013 Definici\u00f3n y Significado&#8221; font_container=&#8221;tag:div|text_align:center|color:%23333333&#8243; use_theme_fonts=&#8221;yes&#8221; el_class=&#8221;head-title&#8221;][vc_empty_space height=&#8221;15px&#8221;][vc_separator el_class=&#8221;lin-vc-separator&#8221;][vc_row_inner css=&#8221;.vc_custom_1604928717049{background-color: rgba(0,170,229,0.5) !important;*background-color: rgb(0,170,229) !important;}&#8221;][vc_column_inner width=&#8221;1\/2&#8243;][vc_column_text]\n<span class='qlabs_tooltip_top qlabs_tooltip_style_38 cursor_pointer event_hover' style=''  aria-haspopup='true'>Florian (2015)<span style='width: 180px; '  >Conceptualizaci\u00f3n de la pedagog\u00eda inclusiva: El enfoque pedag\u00f3gico inclusivo en acci\u00f3n. En J. M., Deppeler, T., Loreman, R., Smith &amp; L., Florian (eds), Inclusive Pedagogy Across the Curriculum. Vol. 7. (pp. 11-24). Bingley: Emerald Group Publishing Limited.<\/span><\/span> destaca que la falta de una definici\u00f3n clara proviene, en gran medida, de definiciones divergentes, as\u00ed como de enfoques y expectativas que surgen simult\u00e1neamente. Por esta raz\u00f3n, el presente recurso online <em>Desenredando la Inclusi\u00f3n en Educaci\u00f3n F\u00edsica en Educaci\u00f3n Primaria<\/em> (DIPPE, por sus siglas en ingl\u00e9s) comienza proporcionando una visi\u00f3n general del concepto de inclusi\u00f3n y de c\u00f3mo ha sido entendida en el desarrollo de este proyecto. Coincidiendo con <span class='qlabs_tooltip_top_center qlabs_tooltip_style_38 cursor_pointer event_hover' style=''  aria-haspopup='true'>Wrench and Garrett (2018)<span style='width: 180px; '  >Diversidad e inclusi\u00f3n. En G., Griggs &amp; K. Petrie (Eds.), Routledge Handbook of Primary Physical Education (pp. 134-144). Abingdon: Routledge.<\/span><\/span>, este recurso enfatiza la necesidad de desarrollar una comprensi\u00f3n cr\u00edtica de la inclusi\u00f3n \u2013 no s\u00f3lo reconociendo la diferencia sino posibilit\u00e1ndola a trav\u00e9s de adaptaciones y modificaciones del curr\u00edculo y la pedagog\u00eda.<\/p>\n<p>&nbsp;<\/p>\n[\/vc_column_text][\/vc_column_inner][vc_column_inner width=&#8221;1\/2&#8243;][vc_column_text]\n<p>En el marco de este recurso online DIPPE, se entiende la inclusi\u00f3n como una sensaci\u00f3n de pertenencia, que conlleva sentirse respetado y valorado por ser uno quien es, as\u00ed como el sentimiento de apoyo, energ\u00eda y lealtad de los dem\u00e1s. Esto significa que la diversidad es valorada y promovida en las comunidades de aprendizaje.<\/p>\n[\/vc_column_text][\/vc_column_inner][\/vc_row_inner][\/vc_column][\/vc_row][vc_row][vc_column][vc_custom_heading text=&#8221;<b>Valorando <\/b> la Diversidad&#8221; font_container=&#8221;tag:div|text_align:center|color:%23333333&#8243; use_theme_fonts=&#8221;yes&#8221; el_class=&#8221;head-title&#8221;][vc_empty_space height=&#8221;15px&#8221;][vc_separator el_class=&#8221;lin-vc-separator&#8221;][vc_row_inner][vc_column_inner width=&#8221;1\/2&#8243;][vc_single_image image=&#8221;2532&#8243; img_size=&#8221;full&#8221; alignment=&#8221;center&#8221;][\/vc_column_inner][vc_column_inner width=&#8221;1\/2&#8243;][vc_column_text]\n<p>Con el incremento de la diversidad en la sociedad y en las aulas, es vital que los maestros y los ni\u00f1os asuman y comprendan las diferencias individuales. Para valorar la diversidad, es importante que los profesores involucren a los ni\u00f1os en un di\u00e1logo sobre la diferencia, la diversidad, la tolerancia, la confianza, el respeto y la inclusi\u00f3n.<\/p>\n<p>Describimos la inclusi\u00f3n como la valoraci\u00f3n de la diversidad y el respeto de las diferencias individuales presentes en cada aula. Seg\u00fan la <span class='qlabs_tooltip_top_center qlabs_tooltip_style_38 cursor_pointer event_hover' style=''  aria-haspopup='true'>UNESCO (2005)<span style='width: 180px; '  ><a href=\"https:\/\/unesdoc.unesco.org\/ark:\/48223\/pf0000140224\">Directrices para la inclusi\u00f3n<\/a>: garantizar el acceso a la educaci\u00f3n para todos.<\/span><\/span>, se trata de un proceso, de una b\u00fasqueda continua para encontrar mejores formas de responder a la diversidad y aprender de ella. Este proceso implica identificar y eliminar las barreras a la participaci\u00f3n a trav\u00e9s de la resoluci\u00f3n creativa de problemas de modo que sea posible la plena participaci\u00f3n en clase y el logro de los resultados de aprendizaje en todo el curr\u00edculo.<\/p>\n<p>Entonces, \u00bfc\u00f3mo podemos valorar la diversidad y respetar las diferencias individuales en las clases de educaci\u00f3n f\u00edsica?<\/p>\n<p>Valorar la diversidad requiere desarrollar formas de incluir y beneficiar plenamente a todos los ni\u00f1os de la clase, independientemente de que tengan necesidades adicionales. No existe una soluci\u00f3n \u201cde talla \u00fanica\u201d que valga para todos; sin embargo, s\u00ed hay pautas generales que se pueden aplicar en todos los contextos.<\/p>\n<p>Dichas pautas generales son, en esencia, dos. En primer lugar, para promover los logros de cada escolar, lo ideal es empezar con una comprensi\u00f3n completa y precisa de las habilidades, capacidades y necesidades de todos ellos. De este modo, podremos identificar los objetivos apropiados y los apoyos necesarios en el aula. Esto se puede hacer con el apoyo de un equipo interdisciplinar que incluye al escolar, a sus familiares y a otros profesionales de la educaci\u00f3n. En segundo lugar, hay que reconsiderar y desarrollar el curr\u00edculo para encontrar formas que permitan satisfacer las necesidades de todos los ni\u00f1os \u2013tanto de los que tienen necesidades adicionales como de los que no\u2013 y que hagan posible que todos mejoren en las clases de educaci\u00f3n f\u00edsica.<\/p>\n<p>En este marco, los recursos de DIPPE tienen como objetivo guiarte en el proceso de aprendizaje para promover la inclusi\u00f3n dentro de tus clases de educaci\u00f3n f\u00edsica.<\/p>\n[\/vc_column_text][\/vc_column_inner][\/vc_row_inner][\/vc_column][\/vc_row][vc_row][vc_column][vc_custom_heading text=&#8221;<b>La educaci\u00f3n inclusiva:<\/b>  un derecho humano&#8221; font_container=&#8221;tag:div|text_align:center|color:%23333333&#8243; use_theme_fonts=&#8221;yes&#8221; el_class=&#8221;head-title&#8221;][vc_empty_space height=&#8221;15px&#8221;][vc_separator el_class=&#8221;lin-vc-separator&#8221;][vc_row_inner][vc_column_inner width=&#8221;1\/2&#8243;][vc_column_text]\n<p>La educaci\u00f3n inclusiva de todos los estudiantes es un derecho que ha sido cada vez m\u00e1s reconocido internacionalmente en las \u00faltimas d\u00e9cadas. La educaci\u00f3n se estableci\u00f3 como un derecho humano por primera vez mediante la <span class='qlabs_tooltip_top qlabs_tooltip_style_38 cursor_pointer event_hover' style=''  aria-haspopup='true'>Declaraci\u00f3n Universal de los Derechos Humanos (1948)<span style='width: 180px; '  >Asamblea General de la ONU (1948). Declaraci\u00f3n Universal de los Derechos Humanos (217 (III) A). Par\u00eds: Naciones Unidas. <\/span><\/span>. Se reafirm\u00f3 en 1966 en el Pacto Internacional del Derecho Econ\u00f3mico, Social y Cultural (PIDESC) y, nuevamente,\u00a0 <dispo class='qlabs_tooltip_top qlabs_tooltip_style_38 cursor_pointer event_hover' style=''  aria-haspopup='true'>en 1989, en la Convenci\u00f3n de las Naciones Unidas sobre los Derechos del Ni\u00f1o (DDN)<span style='width: 180px; '  >Convenci\u00f3n sobre los Derechos del Ni\u00f1o. Serie de Tratados, 1577, 3<\/span><\/dispo>.<\/p>\n<p>El primer documento con un enfoque basado en los derechos que declara espec\u00edficamente que la Educaci\u00f3n F\u00edsica es un derecho fundamental para todos fue la Carta Internacional de Educaci\u00f3n F\u00edsica, Actividad F\u00edsica y Deporte (<dispo class='qlabs_tooltip_top qlabs_tooltip_style_38 cursor_pointer event_hover' style=''  aria-haspopup='true'>Carta del Deporte<span style='width: 180px; '  ><a href=\"https:\/\/unesdoc.unesco.org\/ark:\/48223\/pf0000235409\">Carta Internacional de la Educaci\u00f3n F\u00edsica, la Actividad F\u00edsica y el Deporte de la UNESCO<\/a>. La Carta Internacional de la Educaci\u00f3n F\u00edsica, la Actividad F\u00edsica y el Deporte es una referencia basada en los derechos que orienta y apoya las pol\u00edticas y la toma de decisiones en el deporte.<\/span><\/dispo>,<dispo class='qlabs_tooltip_top_center qlabs_tooltip_style_38 cursor_pointer event_hover' style=''  aria-haspopup='true'>UNESCO<span style='width: 180px; '  ><a href=\"https:\/\/unesdoc.unesco.org\/ark:\/48223\/pf0000235409\">Carta Internacional de la Educaci\u00f3n F\u00edsica, la Actividad F\u00edsica y el Deporte de la UNESCO<\/a>. La Carta Internacional de la Educaci\u00f3n F\u00edsica, la Actividad F\u00edsica y el Deporte es una referencia basada en los derechos que orienta y apoya las pol\u00edticas y la toma de decisiones en el deporte.<\/span><\/dispo>)\u00a0 de 1978, revisada en 2015. <span class='qlabs_tooltip_top qlabs_tooltip_style_38 cursor_pointer event_hover' style=''  aria-haspopup='true'>2015 UNESCO<span style='width: 180px; '  ><a href=\"https:\/\/unesdoc.unesco.org\/ark:\/48223\/pf0000231101\">Educaci\u00f3n F\u00edsica de Calidad (EFC)<\/a>. Directrices para los responsables pol\u00edticos.<\/span><\/span> Este a\u00f1o, 2015, la UNESCO public\u00f3 tambi\u00e9n la gu\u00eda <em>Educaci\u00f3n F\u00edsica de Calidad<\/em> (EFC), basada en un enfoque inclusivo y que defend\u00eda una visi\u00f3n flexible y adaptativa centrada en la persona que fomentase la adherencia de por vida a la educaci\u00f3n f\u00edsica, la actividad f\u00edsica y el deporte.<\/p>\n<p>La Convenci\u00f3n de las Naciones Unidas sobre los Derechos de las Personas con Discapacidad<span class='qlabs_tooltip_top_center qlabs_tooltip_style_38 cursor_pointer event_hover' style=''  aria-haspopup='true'>(CRPD, 2006)<span style='width: 180px; '  >Convenci\u00f3n sobre los Derechos de las Personas con Discapacidad: resoluci\u00f3n \/ adoptada por la Asamblea General, 24 de enero de 2007.<\/span><\/span> estableci\u00f3 la educaci\u00f3n inclusiva como un derecho humano de los ni\u00f1os con necesidades adicionales. Igualmente, abord\u00f3 la igualdad de acceso a la participaci\u00f3n en el juego, la recreaci\u00f3n y el deporte.<\/p>\n<p>&nbsp;<\/p>\n<p>&nbsp;<\/p>\n[\/vc_column_text][\/vc_column_inner][vc_column_inner width=&#8221;1\/2&#8243;][vc_column_text]\n<p>Sin embargo, distintas investigaciones sugieren que muchos ni\u00f1os con necesidades adicionales no han logrado todav\u00eda la igualdad de acceso a la Educaci\u00f3n F\u00edsica, lo que indica que los pronunciamientos pol\u00edticos inclusivos no han sido trasladados a la pr\u00e1ctica (<span class='qlabs_tooltip_top_center qlabs_tooltip_style_38 cursor_pointer event_hover' style=''  aria-haspopup='true'>Overton, Wrench<span style='width: 180px; '  >Pedagog\u00edas para la inclusi\u00f3n de alumnos de primer ciclo de primaria con discapacidad en la educaci\u00f3n f\u00edsica. <a href=\"https:\/\/www.tandfonline.com\/doi\/abs\/10.1080\/17408989.2016.1176134\">Pedagog\u00eda de la Educaci\u00f3n F\u00edsica y el Deporte.<\/a><\/span><\/span><span class='qlabs_tooltip_top_center qlabs_tooltip_style_38 cursor_pointer event_hover' style=''  aria-haspopup='true'> &amp; Garrett, 2017<span style='width: 180px; '  >Pedagog\u00edas para la inclusi\u00f3n de alumnos de primer ciclo de primaria con discapacidad en la educaci\u00f3n f\u00edsica. <a href=\"https:\/\/www.tandfonline.com\/doi\/abs\/10.1080\/17408989.2016.1176134\">Pedagog\u00eda de la Educaci\u00f3n F\u00edsica y el Deporte.<\/a><\/span><\/span>; <dispo class='qlabs_tooltip_top_center qlabs_tooltip_style_38 cursor_pointer event_hover' style=''  aria-haspopup='true'>Consejo Nacional de Personas con Discapacidad y Cuidadores, 2009<span style='width: 180px; '  >Pol\u00edtica Nacional de Discapacidad - Informe de Progreso. Washington DC: Consejo Nacional de la Discapacidad.<\/span><\/dispo>; <dispo class='qlabs_tooltip_top_center qlabs_tooltip_style_38 cursor_pointer event_hover' style=''  aria-haspopup='true'>Simpson &amp; Mandich, 2012<span style='width: 180px; '  >Creaci\u00f3n de oportunidades de educaci\u00f3n f\u00edsica inclusiva en la educaci\u00f3n f\u00edsica elemental. Physical &amp; Health Education Journal, 77(4), 18-21.<\/span><\/dispo>).<\/p>\n<p>Como se ha dicho el derecho a la educaci\u00f3n inclusiva no se satisface con una \u201ctalla \u00fanica\u201d para todos. De hecho, su puesta en pr\u00e1ctica var\u00eda en funci\u00f3n de los diferentes contextos, de las prioridades pol\u00edticas nacionales que, a su vez, se ven condicionadas por un variado rango de problemas sociales, culturales, hist\u00f3ricos y pol\u00edticos.<\/p>\n<p>El camino a la diversidad (<span class='qlabs_tooltip_top_center qlabs_tooltip_style_38 cursor_pointer event_hover' style=''  aria-haspopup='true'>UNESCO Chair ITT, 2015<span style='width: 180px; '  ><a href=\"http:\/\/unescoittralee.com\/about-us\/pathway-to-diversity\/\">El camino hacia la diversidad.<\/a><\/span><\/span>) es valioso en cuanto que promueve la Educaci\u00f3n F\u00edsica inclusiva como un derecho humano y dibuja una trayectoria hacia un contexto donde la diversidad es (ser\u00e1) lo habitual mediante el reconocimiento de los derechos de todos y la adopci\u00f3n de pr\u00e1cticas inclusivas \u2013que ata\u00f1en al pensamiento, la acci\u00f3n y los recursos\u2013 para promover el acceso de todos.<\/p>\n[\/vc_column_text][\/vc_column_inner][\/vc_row_inner][\/vc_column][\/vc_row][vc_row][vc_column][vc_custom_heading text=&#8221;<b>El camino<\/b>  hacia la diversidad&#8221; font_container=&#8221;tag:div|text_align:center|color:%23333333&#8243; use_theme_fonts=&#8221;yes&#8221; el_class=&#8221;head-title&#8221;][vc_empty_space height=&#8221;15px&#8221;][vc_separator el_class=&#8221;lin-vc-separator&#8221;][vc_single_image image=&#8221;2533&#8243; img_size=&#8221;large&#8221; alignment=&#8221;center&#8221; css=&#8221;.vc_custom_1607443423715{margin-bottom: 50px !important;}&#8221; el_class=&#8221;diversity-img&#8221;][vc_row_inner][vc_column_inner width=&#8221;2\/3&#8243;][vc_single_image image=&#8221;2530&#8243; img_size=&#8221;full&#8221;][\/vc_column_inner][vc_column_inner width=&#8221;1\/3&#8243;][vc_column_text]\n<p>La siguiente figura ilustra la convergencia actual de pol\u00edticas internacionales, pensamiento y acci\u00f3n en la educaci\u00f3n f\u00edsica global, la actividad f\u00edsica y el deporte con las pol\u00edticas de la UNESCO (elementos de color verde que llevan hacia el c\u00edrculo). La aplicaci\u00f3n de los derechos plasmados en los tratados de los derechos humanos (elementos de color azul que van hacia el c\u00edrculo) es el n\u00facleo en el que convergen.<\/p>\n[\/vc_column_text][\/vc_column_inner][\/vc_row_inner][\/vc_column][\/vc_row][vc_row content_placement=&#8221;middle&#8221; bg_type=&#8221;bg_color&#8221; bg_override=&#8221;full&#8221; bg_color_value=&#8221;rgba(0,170,229,0.5)&#8221;][vc_column width=&#8221;1\/2&#8243;][vc_custom_heading text=&#8221;<b>\u00bfQuiere saber m\u00e1s?<\/b>&#8221; font_container=&#8221;tag:div|text_align:left|color:%23333333&#8243; use_theme_fonts=&#8221;yes&#8221; el_class=&#8221;head-title&#8221;][\/vc_column][vc_column width=&#8221;1\/2&#8243;]<a href=\"\/inclusive-practice\/\" class=\"wh-button  scp_theme_button-e900aafc80ea01b6c407fe214efc6839\">Inclusive Practice<\/a>[\/vc_column][\/vc_row]\n","protected":false},"excerpt":{"rendered":"<p>[vc_row][vc_column][vc_custom_heading text=&#8221;El Concepto de Inclusi\u00f3n: \u2013 Definici\u00f3n y Significado&#8221; font_container=&#8221;tag:div|text_align:center|color:%23333333&#8243; use_theme_fonts=&#8221;yes&#8221; el_class=&#8221;head-title&#8221;][vc_empty_space height=&#8221;15px&#8221;][vc_separator el_class=&#8221;lin-vc-separator&#8221;][vc_row_inner css=&#8221;.vc_custom_1604928717049{background-color: rgba(0,170,229,0.5) !important;*background-color: rgb(0,170,229) !important;}&#8221;][vc_column_inner width=&#8221;1\/2&#8243;][vc_column_text] destaca que la falta de una definici\u00f3n clara proviene, en&nbsp;<a href=\"https:\/\/www.dippe.lu\/es\/understanding-inclusion\/\">&hellip;<\/a><\/p>\n","protected":false},"author":3,"featured_media":0,"parent":0,"menu_order":0,"comment_status":"closed","ping_status":"closed","template":"page-inclusion.php","meta":[],"_links":{"self":[{"href":"https:\/\/www.dippe.lu\/es\/wp-json\/wp\/v2\/pages\/2514"}],"collection":[{"href":"https:\/\/www.dippe.lu\/es\/wp-json\/wp\/v2\/pages"}],"about":[{"href":"https:\/\/www.dippe.lu\/es\/wp-json\/wp\/v2\/types\/page"}],"author":[{"embeddable":true,"href":"https:\/\/www.dippe.lu\/es\/wp-json\/wp\/v2\/users\/3"}],"replies":[{"embeddable":true,"href":"https:\/\/www.dippe.lu\/es\/wp-json\/wp\/v2\/comments?post=2514"}],"version-history":[{"count":5,"href":"https:\/\/www.dippe.lu\/es\/wp-json\/wp\/v2\/pages\/2514\/revisions"}],"predecessor-version":[{"id":2723,"href":"https:\/\/www.dippe.lu\/es\/wp-json\/wp\/v2\/pages\/2514\/revisions\/2723"}],"wp:attachment":[{"href":"https:\/\/www.dippe.lu\/es\/wp-json\/wp\/v2\/media?parent=2514"}],"curies":[{"name":"wp","href":"https:\/\/api.w.org\/{rel}","templated":true}]}}