{"id":2493,"date":"2020-11-03T13:59:43","date_gmt":"2020-11-03T13:59:43","guid":{"rendered":"https:\/\/www.dippe.lu\/inclusive-practice\/"},"modified":"2021-09-30T12:01:52","modified_gmt":"2021-09-30T12:01:52","slug":"inclusive-practice","status":"publish","type":"page","link":"https:\/\/www.dippe.lu\/es\/inclusive-practice\/","title":{"rendered":"Inclusive practice"},"content":{"rendered":"[vc_row][vc_column][vc_custom_heading text=&#8221;<b>Desarrollando un Ambiente de <\/b>Aprendizaje Inclusivo&#8221; font_container=&#8221;tag:div|text_align:center|color:%23333333&#8243; use_theme_fonts=&#8221;yes&#8221; el_class=&#8221;head-title&#8221;][vc_empty_space height=&#8221;15px&#8221;][vc_separator el_class=&#8221;lin-vc-separator&#8221;][vc_row_inner el_class=&#8221;reverse-column&#8221;][vc_column_inner width=&#8221;1\/2&#8243;][vc_column_text]\n<p>En estos \u00faltimos a\u00f1os se han producido bastantes avances en la promoci\u00f3n de la Educaci\u00f3n F\u00edsica inclusiva; a este respecto, por ejemplo, en un cuestionario realizado en el marco de DIPPE, el 60% de los docentes calificaron la inclusi\u00f3n en la educaci\u00f3n f\u00edsica en la escuela primaria como algo importante en sus pa\u00edses, y el 65% afirm\u00f3 sentirse competente o muy competente para promover la pr\u00e1ctica inclusiva dentro de la educaci\u00f3n f\u00edsica. (<span class='qlabs_tooltip_top_center qlabs_tooltip_style_38 cursor_pointer event_hover' style=''  aria-haspopup='true'>De Corby et al., 2005<span style='width: 180px; '  >Los profesores de aula y los retos de impartir una educaci\u00f3n f\u00edsica de calidad. <a class=\"tooltip-link\" title=\"\" href=\"https:\/\/www.tandfonline.com\/doi\/abs\/10.3200\/JOER.98.4.208-221\" target=\"_blank\" rel=\"noopener noreferrer\" aria-label=\"\">The Journal of Educational Research, 98(4), 208-220<\/a><\/span><\/span>; Morgan &amp; Hansen, 2008, <span class=\"s1\">NCCA, <span class='qlabs_tooltip_top qlabs_tooltip_style_38 cursor_pointer event_hover' style=''  aria-haspopup='true'>2010a<span style='width: 180px; '  ><a href=\"https:\/\/www.ncca.ie\/media\/2053\/curriculum_overload_in_primary_schools_experiences_and_reflections_from_the_learning_site.pdf\">La sobrecarga curricular en la escuela primaria<\/a>: experiencias y reflexiones desde el aprendizaje.<\/span><\/span><\/span>, <span class='qlabs_tooltip_top qlabs_tooltip_style_38 cursor_pointer event_hover' style=''  aria-haspopup='true'>2010b<span style='width: 180px; '  ><a href=\"https:\/\/www.ncca.ie\/media\/2052\/curriculum_overload_in_primary_schools_an_overview_of_national_and_international_experiences.pdf\">Sobrecarga curricular en las escuelas primarias<\/a>: una visi\u00f3n general de las experiencias nacionales e internacionales.<\/span><\/span>).<\/p>\n<p>A pesar de estos progresos, es evidente que siguen existiendo factores que dificultan los intentos de inclusi\u00f3n de los escolares con y sin necesidades adicionales: presiones curriculares, problemas de tiempo, limitaciones ambientales, insuficientes recursos y actitudes de los docentes (<span class='qlabs_tooltip_top_center qlabs_tooltip_style_38 cursor_pointer event_hover' style=''  aria-haspopup='true'>Wrench and Garrett 2018<span style='width: 180px; '  >Diversity and Inclusion. In G., Griggs &amp; K. Petrie (Eds.), Routledge Handbook of Primary Physical Education (pp. 134-144). Abingdon: Routledge.<\/span><\/span>); <span class='qlabs_tooltip_top_center qlabs_tooltip_style_38 cursor_pointer event_hover' style=''  aria-haspopup='true'>Morrison &amp; Gleddie, 2019<span style='width: 180px; '  >Estudios de caso interpretativos de la educaci\u00f3n f\u00edsica inclusiva: experiencias compartidas de diversos entornos escolares, <a href=\"https:\/\/www.tandfonline.com\/doi\/abs\/10.1080\/13603116.2018.1557751?af=R&amp;journalCode=tied20\" target=\"_blank\" rel=\"noopener noreferrer\">Revista Internacional de Educaci\u00f3n Inclusiva<\/a><\/span><\/span>). La educaci\u00f3n f\u00edsica inclusiva en primaria debe involucrar a todo el alumnado a trav\u00e9s de experiencias de aprendizaje positivas, significativas y apropiadas al nivel de desarrollo. Por lo tanto, el objetivo del presente recurso en l\u00ednea es proporcionar apoyo curricular y pedag\u00f3gico a los especialistas de educaci\u00f3n f\u00edsica en primaria para desarrollar un ambiente de aprendizaje inclusivo.<\/p>\n<span class='qlabs_tooltip_top qlabs_tooltip_style_38 cursor_pointer event_hover' style=''  aria-haspopup='true'>Florian (2015)<span style='width: 180px; '  >Conceptualizaci\u00f3n de la pedagog\u00eda inclusiva: El enfoque pedag\u00f3gico inclusivo en acci\u00f3n. En J. M., Deppeler, T., Loreman, R., Smith &amp; L., Florian (eds), Inclusive Pedagogy Across the Curriculum. Vol. 7. (pp. 11-24). Bingley: Emerald Group Publishing Limited.<\/span><\/span> describe la pr\u00e1ctica inclusiva como un modelo que se centra en las necesidades individuales de los alumnos, dentro del particular contexto sociocultural del aprendizaje. En consecuencia, esto confiere al profesorado un papel central en la creaci\u00f3n del ambiente y las condiciones para que la inclusi\u00f3n prospere.<\/p>\n<p>&nbsp;<\/p>\n[\/vc_column_text][\/vc_column_inner][vc_column_inner width=&#8221;1\/2&#8243;][vc_single_image image=&#8221;3026&#8243; img_size=&#8221;large&#8221;][\/vc_column_inner][\/vc_row_inner][\/vc_column][\/vc_row][vc_row css=&#8221;.vc_custom_1607632478316{background-color: rgba(0,170,229,0.5) !important;*background-color: rgb(0,170,229) !important;}&#8221;][vc_column width=&#8221;1\/2&#8243;][vc_column_text]\n<p>Para ayudar a los docentes en la tarea de desarrollar una pr\u00e1ctica inclusiva, los recursos que ofrecemos se basan en los cuatro principios b\u00e1sicos en los que, seg\u00fan la <span class='qlabs_tooltip_top_center qlabs_tooltip_style_38 cursor_pointer event_hover' style=''  aria-haspopup='true'>UNESCO (2005)<span style='width: 180px; '  ><a href=\"https:\/\/unesdoc.unesco.org\/ark:\/48223\/pf0000140224\" target=\"_blank\" rel=\"noopener noreferrer\">Directrices para la inclusi\u00f3n: <\/a>garantizar el acceso a la educaci\u00f3n para todos.<\/span><\/span>, se apoya la pr\u00e1ctica inclusiva<\/p>\n[\/vc_column_text][vc_row_inner][vc_column_inner]<div class=\"uavc-list-icon uavc-list-icon-wrapper ult-adjust-bottom-margin   \"><ul class=\"uavc-list\"><li><div class=\"uavc-list-content\" id=\"list-icon-wrap-7787\">\n<div class=\"uavc-list-icon  \" data-animation=\"\" data-animation-delay=\"03\" style=\"margin-right:10px;\"><div class=\"ult-just-icon-wrapper  \"><div class=\"align-icon\" style=\"text-align:center;\">\n<div class=\"aio-icon none \"  style=\"color:#ffffff;font-size:15px;display:inline-block;\">\n\t<i class=\"Defaults-check\"><\/i>\n<\/div><\/div><\/div>\n<\/div><span  data-ultimate-target='#list-icon-wrap-7787 .uavc-list-desc'  data-responsive-json-new='{\"font-size\":\"\",\"line-height\":\"\"}'  class=\"uavc-list-desc ult-responsive\" style=\"\">\n<p>\u00a0La inclusi\u00f3n es un proceso.<\/p>\n<\/span><\/div><\/li><\/ul><\/div><div class=\"uavc-list-icon uavc-list-icon-wrapper ult-adjust-bottom-margin   \"><ul class=\"uavc-list\"><li><div class=\"uavc-list-content\" id=\"list-icon-wrap-3425\">\n<div class=\"uavc-list-icon  \" data-animation=\"\" data-animation-delay=\"03\" style=\"margin-right:10px;\"><div class=\"ult-just-icon-wrapper  \"><div class=\"align-icon\" style=\"text-align:center;\">\n<div class=\"aio-icon none \"  style=\"color:#ffffff;font-size:15px;display:inline-block;\">\n\t<i class=\"Defaults-check\"><\/i>\n<\/div><\/div><\/div>\n<\/div><span  data-ultimate-target='#list-icon-wrap-3425 .uavc-list-desc'  data-responsive-json-new='{\"font-size\":\"\",\"line-height\":\"\"}'  class=\"uavc-list-desc ult-responsive\" style=\"\">\n<p>\u00a0La inclusi\u00f3n se refiere a la identificaci\u00f3n y la eliminaci\u00f3n de barreras.<\/p>\n<\/span><\/div><\/li><\/ul><\/div><div class=\"uavc-list-icon uavc-list-icon-wrapper ult-adjust-bottom-margin   \"><ul class=\"uavc-list\"><li><div class=\"uavc-list-content\" id=\"list-icon-wrap-4823\">\n<div class=\"uavc-list-icon  \" data-animation=\"\" data-animation-delay=\"03\" style=\"margin-right:10px;\"><div class=\"ult-just-icon-wrapper  \"><div class=\"align-icon\" style=\"text-align:center;\">\n<div class=\"aio-icon none \"  style=\"color:#ffffff;font-size:15px;display:inline-block;\">\n\t<i class=\"Defaults-check\"><\/i>\n<\/div><\/div><\/div>\n<\/div><span  data-ultimate-target='#list-icon-wrap-4823 .uavc-list-desc'  data-responsive-json-new='{\"font-size\":\"\",\"line-height\":\"\"}'  class=\"uavc-list-desc ult-responsive\" style=\"\">\n<p>\u00a0La inclusi\u00f3n trata de la presencia, participaci\u00f3n y logros de todos los ni\u00f1os.<\/p>\n<\/span><\/div><\/li><\/ul><\/div><div class=\"uavc-list-icon uavc-list-icon-wrapper ult-adjust-bottom-margin   \"><ul class=\"uavc-list\"><li><div class=\"uavc-list-content\" id=\"list-icon-wrap-8687\">\n<div class=\"uavc-list-icon  \" data-animation=\"\" data-animation-delay=\"03\" style=\"margin-right:10px;\"><div class=\"ult-just-icon-wrapper  \"><div class=\"align-icon\" style=\"text-align:center;\">\n<div class=\"aio-icon none \"  style=\"color:#ffffff;font-size:15px;display:inline-block;\">\n\t<i class=\"Defaults-check\"><\/i>\n<\/div><\/div><\/div>\n<\/div><span  data-ultimate-target='#list-icon-wrap-8687 .uavc-list-desc'  data-responsive-json-new='{\"font-size\":\"\",\"line-height\":\"\"}'  class=\"uavc-list-desc ult-responsive\" style=\"\">\n<p>\u00a0La inclusi\u00f3n pone un \u00e9nfasis especial en aquellos grupos de estudiantes que pueden estar en riesgo de marginaci\u00f3n, exclusi\u00f3n o bajo rendimiento.<\/p>\n<\/span><\/div><\/li><\/ul><\/div>[\/vc_column_inner][\/vc_row_inner][\/vc_column][vc_column width=&#8221;1\/2&#8243;][vc_column_text]\n<p>Estos principios constituyen el fundamento del planteamiento y pr\u00e1ctica inclusivos del presente recurso.<\/p>\n[\/vc_column_text][vc_column_text]\n<p>Para ayudar a los profesores en su esfuerzo por lograr un ambiente de aprendizaje inclusivo para sus alumnos y que la inclusi\u00f3n forme parte de su pr\u00e1ctica cotidiana, se ha desarrollado un Mapa Funcional y un Marco de Competencias y Habilidades Cognitivas (en este enlace se pueden ver dichos recursos. Map and Framework).<\/p>\n[\/vc_column_text]<a href=\"\/wp-content\/uploads\/2020\/11\/Dippe-Knowledge-skills-Competency.pdf\" class=\"wh-button  scp_theme_button-3804df893e958aaf2a4c2e75d10221c1\" target=\"_blank\">Descargar PDF<\/a>[\/vc_column][\/vc_row][vc_row el_class=&#8221;margin-bottom-zero&#8221;][vc_column][vc_custom_heading text=&#8221;<b>Proceso de <\/b> inclusi\u00f3n&#8221; font_container=&#8221;tag:div|text_align:center|color:%23333333&#8243; use_theme_fonts=&#8221;yes&#8221; el_class=&#8221;head-title&#8221;][vc_empty_space height=&#8221;15px&#8221;][vc_separator el_class=&#8221;lin-vc-separator&#8221;][vc_row_inner][vc_column_inner][vc_column_text]\n<p class=\"p1\"><span class=\"s1\">El siguiente diagrama describe los principales componentes de la pr\u00e1ctica inclusiva dentro de la educaci\u00f3n f\u00edsica en primaria. Estos componentes interact\u00faan constantemente, ya que cada uno de ellos contribuye al proceso de inclusi\u00f3n<strong>.<\/strong> Al hacer clic en cada componente, se proporciona una explicaci\u00f3n sobre posibles dificultades o dudas que los profesores pueden encontrarse al intentar llevar a cabo una pr\u00e1ctica inclusiva<\/span><\/p>\n[\/vc_column_text][\/vc_column_inner][\/vc_row_inner][\/vc_column][\/vc_row][vc_row equal_height=&#8221;yes&#8221; content_placement=&#8221;middle&#8221;][vc_column width=&#8221;1\/3&#8243; el_id=&#8221;inclusion-process-triangle&#8221;][vc_single_image image=&#8221;2494&#8243; img_size=&#8221;full&#8221;][\/vc_column][vc_column width=&#8221;2\/3&#8243;][vc_tta_accordion style=&#8221;modern&#8221; shape=&#8221;square&#8221; color=&#8221;white&#8221; c_position=&#8221;right&#8221; active_section=&#8221;1&#8243; no_fill=&#8221;true&#8221;][vc_tta_section title=&#8221;Individual &#8221; tab_id=&#8221;1598448918291-d9e24037-e544&#8243;][vc_column_text]\n<ul>\n<li>Los maestros exploran sus propios supuestos en relaci\u00f3n con las normas y jerarqu\u00edas dentro de la Sociedad.<\/li>\n<li>Reflexionan sobre las concepciones que se dan por supuestas en educaci\u00f3n f\u00edsica, en particular las relacionadas con qu\u00e9 se ense\u00f1a, c\u00f3mo y porqu\u00e9.<\/li>\n<li>Valorar la diversidad: considerar la diferencia como un rasgo normal del desarrollo humano.(<span class='qlabs_tooltip_top_center qlabs_tooltip_style_38 cursor_pointer event_hover' style=''  aria-haspopup='true'>Module<span style='width: 180px; '  ><a href=\"https:\/\/www.dippe.lu\/es\/teaching-modules\/chronic-conditions\/\">Enfermedades cr\u00f3nicas<\/a><\/span><\/span>)<\/li>\n<li>Conocer a los alumnos, establecer relaciones: considerar las necesidades, las barreras para el aprendizaje y el nivel adecuado de apoyo para cada alumno.<\/li>\n<li>Recordar que el foco para garantizar que se consiga el m\u00e1ximo potencial de desarrollo de las capacidades f\u00edsicas y funcionales deben ser las capacidades de cada ni\u00f1o y no sus limitaciones.(<span class='qlabs_tooltip_top_center qlabs_tooltip_style_38 cursor_pointer event_hover' style=''  aria-haspopup='true'>Module<span style='width: 180px; '  ><a href=\"https:\/\/www.dippe.lu\/es\/teaching-modules\/physical-capabilities\/\">Capacidades f\u00edsicas<\/a><\/span><\/span>)<\/li>\n<li>Animar a los ni\u00f1os a que expresen lo que pueden hacer y lo que les resulta dif\u00edcil. Preguntarles qu\u00e9 tipo de apoyo necesitan.(<span class='qlabs_tooltip_top_center qlabs_tooltip_style_38 cursor_pointer event_hover' style=''  aria-haspopup='true'>Module<span style='width: 180px; '  ><a href=\"https:\/\/www.dippe.lu\/es\/teaching-modules\/gross-and-fine-motor-skills\/\">Habilidades motoras gruesas y finas<\/a><\/span><\/span>)<\/li>\n<li>Escuchar la opini\u00f3n del ni\u00f1o, de sus padres y de otros profesionales que trabajen con el ni\u00f1o, por ejemplo, los terapeutas.(<span class='qlabs_tooltip_top_center qlabs_tooltip_style_38 cursor_pointer event_hover' style=''  aria-haspopup='true'>Modules<span style='width: 180px; '  ><a href=\"https:\/\/www.dippe.lu\/es\/teaching-modules\/physical-capabilities\/\">Capacidades f\u00edsicas<\/a>, <a href=\"https:\/\/www.dippe.lu\/es\/teaching-modules\/chronic-conditions\/\">enfermedades cr\u00f3nicas<\/a><\/span><\/span>)<\/li>\n<li>Ser receptivos \u2013 Tener en cuenta los intereses de los ni\u00f1os y ni\u00f1as.(<span class='qlabs_tooltip_top_center qlabs_tooltip_style_38 cursor_pointer event_hover' style=''  aria-haspopup='true'>Module<span style='width: 180px; '  ><a href=\"https:\/\/www.dippe.lu\/es\/teaching-modules\/verbal-non-verbal-communication\/\">Comunicaci\u00f3n verbal y no verbal<\/a><\/span><\/span>)<\/li>\n<li>Apoyar a todos y cada uno de los ni\u00f1os para que crezcan y mejoren en el contexto educativo.<\/li>\n<li>Brindar oportunidades para que los alumnos trabajen independientemente y se apropien de su proceso de aprendizaje.<\/li>\n<li>Crear un clima de confianza y de apoyo entre los compa\u00f1eros.(<span class='qlabs_tooltip_top_center qlabs_tooltip_style_38 cursor_pointer event_hover' style=''  aria-haspopup='true'>Module<span style='width: 180px; '  ><a href=\"https:\/\/www.dippe.lu\/es\/teaching-modules\/attention-concentration\/\">Atenci\u00f3n y concentraci\u00f3n<\/a><\/span><\/span>)<\/li>\n<li>Fomentar el apoyo de los compa\u00f1eros ense\u00f1\u00e1ndoles a comprenderse, respetarse y ayudarse entre s\u00ed.(<span class='qlabs_tooltip_top_center qlabs_tooltip_style_38 cursor_pointer event_hover' style=''  aria-haspopup='true'>Module<span style='width: 180px; '  ><a href=\"https:\/\/www.dippe.lu\/es\/teaching-modules\/gross-and-fine-motor-skills\/\">Habilidades motoras gruesas y finas<\/a><\/span><\/span>)<\/li>\n<li>Prestar atenci\u00f3n a c\u00f3mo es la comunicaci\u00f3n docente-discente a trav\u00e9s del lenguaje corporal y a las se\u00f1ales no verbales (por ejemplo, expresiones faciales, gestos, contacto visual).(<span class='qlabs_tooltip_top_center qlabs_tooltip_style_38 cursor_pointer event_hover' style=''  aria-haspopup='true'>Modules<span style='width: 180px; '  ><a href=\"https:\/\/www.dippe.lu\/es\/teaching-modules\/verbal-non-verbal-communication\/\">Comunicaci\u00f3n verbal y no verbal<\/a>, <a href=\"https:\/\/www.dippe.lu\/es\/teaching-modules\/physical-capabilities\/\">Capacidades f\u00edsicas<\/a>, <a href=\"https:\/\/www.dippe.lu\/es\/teaching-modules\/chronic-conditions\/\">enfermedades cr\u00f3nicas<\/a><\/span><\/span>)<\/li>\n<li>Elogiar, alabar y reconocer los esfuerzos de los ni\u00f1os.(<span class='qlabs_tooltip_top_center qlabs_tooltip_style_38 cursor_pointer event_hover' style=''  aria-haspopup='true'>Module<span style='width: 180px; '  ><a href=\"https:\/\/www.dippe.lu\/es\/teaching-modules\/verbal-non-verbal-communication\/\">Comunicaci\u00f3n verbal y no verbal<\/a><\/span><\/span>)<\/li>\n<\/ul>\n<p>&nbsp;<\/p>\n[\/vc_column_text][\/vc_tta_section][vc_tta_section title=&#8221;Ambiente&#8221; tab_id=&#8221;1598448918345-a56e8db5-c9c3&#8243;][vc_column_text]\n<ul>\n<li>Crear un ambiente de aprendizaje seguro y colaborativo, centrado en el respeto, que anime a los participantes a solicitar ayuda o aclaraciones si fuera necesario.(<span class='qlabs_tooltip_top_center qlabs_tooltip_style_38 cursor_pointer event_hover' style=''  aria-haspopup='true'>Modules<span style='width: 180px; '  ><a href=\"https:\/\/www.dippe.lu\/es\/teaching-modules\/verbal-non-verbal-communication\/\">Comunicaci\u00f3n verbal y no verbal<\/a>, <a href=\"https:\/\/www.dippe.lu\/es\/teaching-modules\/sensory\/\">Sensorial<\/a><\/span><\/span>)<\/li>\n<li>Propiciar oportunidades de aprendizaje enriquecedoras para todos.<\/li>\n<li>Adaptar el entorno, los recursos y las situaciones de movimiento para garantizar que las experiencias de aprendizaje sean apropiadas para el desarrollo y accesibles de todo el alumnado.(<span class='qlabs_tooltip_top_center qlabs_tooltip_style_38 cursor_pointer event_hover' style=''  aria-haspopup='true'>Module<span style='width: 180px; '  ><a href=\"https:\/\/www.dippe.lu\/es\/teaching-modules\/gross-and-fine-motor-skills\/\">Habilidades motoras gruesas y finas<\/a><\/span><\/span>)<\/li>\n<li>Asegurar que haya espacios para que los ni\u00f1os se tomen un descanso si lo necesitan.(<span class='qlabs_tooltip_top_center qlabs_tooltip_style_38 cursor_pointer event_hover' style=''  aria-haspopup='true'>Modules<span style='width: 180px; '  ><a href=\"https:\/\/www.dippe.lu\/es\/teaching-modules\/chronic-conditions\/\">Enfermedades cr\u00f3nicas<\/a>, <a href=\"https:\/\/www.dippe.lu\/es\/teaching-modules\/physical-capabilities\/\">Capacidades f\u00edsicas<\/a><\/span><\/span>)<\/li>\n<li>Servirse de est\u00edmulos visuales, como im\u00e1genes o gr\u00e1ficos, que transmitan mensajes significativos.(<span class='qlabs_tooltip_top_center qlabs_tooltip_style_38 cursor_pointer event_hover' style=''  aria-haspopup='true'>Module<span style='width: 180px; '  ><a href=\"https:\/\/www.dippe.lu\/es\/teaching-modules\/verbal-non-verbal-communication\/\">Comunicaci\u00f3n verbal y no verbal<\/a><\/span><\/span>)<\/li>\n<li>Crear un ambiente de aprendizaje positivo y relajado. (<span class='qlabs_tooltip_top_center qlabs_tooltip_style_38 cursor_pointer event_hover' style=''  aria-haspopup='true'>Module<span style='width: 180px; '  ><a href=\"https:\/\/www.dippe.lu\/es\/teaching-modules\/verbal-non-verbal-communication\/\">Comunicaci\u00f3n verbal y no verbal<\/a><\/span><\/span>)<\/li>\n<li>Al dar instrucciones orales, minimizar el ruido de fondo para facilitar la concentraci\u00f3n y que puedan procesar mejor la informaci\u00f3n verbal.(<span class='qlabs_tooltip_top_center qlabs_tooltip_style_38 cursor_pointer event_hover' style=''  aria-haspopup='true'>Module<span style='width: 180px; '  ><a href=\"https:\/\/www.dippe.lu\/es\/teaching-modules\/verbal-non-verbal-communication\/\">Comunicaci\u00f3n verbal y no verbal<\/a><\/span><\/span>)<\/li>\n<li>Establecer relaciones y buscar apoyos externos que se involucren en las clases de educaci\u00f3n f\u00edsica.(<span class='qlabs_tooltip_top_center qlabs_tooltip_style_38 cursor_pointer event_hover' style=''  aria-haspopup='true'>Module<span style='width: 180px; '  ><a href=\"https:\/\/www.dippe.lu\/es\/teaching-modules\/sensory\/\">Sensorial<\/a><\/span><\/span>)<\/li>\n<\/ul>\n<div class=\"post_list_item_excerpt\">\n<p>&nbsp;<\/p>\n<\/div>\n[\/vc_column_text][\/vc_tta_section][vc_tta_section title=&#8221;Curriculum y Pedagog\u00eda&#8221; tab_id=&#8221;1598449212272-826ee57b-76b1&#8243;][vc_column_text]\n<ul>\n<li>Re-evaluaci\u00f3n y desarrollo del curr\u00edculo y la pedagog\u00eda asociada para satisfacer las necesidades de los escolares con y sin necesidades adicionales.<\/li>\n<li>Preguntas pr\u00e1cticas:\n<ul>\n<li>\u00bfQu\u00e9 se ense\u00f1a?<\/li>\n<li>\u00bfPor qu\u00e9 se ense\u00f1a esto?<\/li>\n<li>\u00bfC\u00f3mo se ense\u00f1a?<\/li>\n<\/ul>\n<\/li>\n<li>Promover un di\u00e1logo de respeto, tolerancia e inclusi\u00f3n en el marco del curr\u00edculo.<\/li>\n<li>Para satisfacer mejor las necesidades de todos los alumnos, debemos modificar y adaptar:\n<ul>\n<li>Las estrategias de ense\u00f1anza<\/li>\n<li>Los agrupamientos<\/li>\n<li>Las actividades<\/li>\n<\/ul>\n<\/li>\n<li>Proporcionar una variedad de experiencias de aprendizaje diferentes que respondan a la experiencia, necesidades y habilidades de los alumnos y promuevan o les obliguen a tener que elegir.<\/li>\n<li>Estimular la exploraci\u00f3n motriz por medios y mediante formas diversas.<\/li>\n<li>La participaci\u00f3n debe tener un lugar de privilegio.<\/li>\n<li>Mostrar una actitud positiva hacia el aprendizaje y proporcionar un feedback constructivo e individualizado.<\/li>\n<li>Utilizar diferentes modos de acercarse al alumnado.<\/li>\n<\/ul>\n[\/vc_column_text][\/vc_tta_section][\/vc_tta_accordion][\/vc_column][\/vc_row][vc_row content_placement=&#8221;middle&#8221; bg_type=&#8221;bg_color&#8221; bg_override=&#8221;full&#8221; bg_color_value=&#8221;rgba(0,170,229,0.5)&#8221;][vc_column width=&#8221;1\/2&#8243;][vc_custom_heading text=&#8221;<b>\u00bfQuiere saber m\u00e1s?<\/b>&#8221; font_container=&#8221;tag:div|text_align:left|color:%23333333&#8243; use_theme_fonts=&#8221;yes&#8221; el_class=&#8221;head-title&#8221;][\/vc_column][vc_column width=&#8221;1\/2&#8243;]<a href=\"\/strategies-resources\/\" class=\"wh-button  scp_theme_button-583fc5a5e05b6dbc52353081e79529dd\">Strategies &amp; Resources<\/a>[\/vc_column][\/vc_row]\n","protected":false},"excerpt":{"rendered":"<p>[vc_row][vc_column][vc_custom_heading text=&#8221;Desarrollando un Ambiente de Aprendizaje Inclusivo&#8221; font_container=&#8221;tag:div|text_align:center|color:%23333333&#8243; use_theme_fonts=&#8221;yes&#8221; el_class=&#8221;head-title&#8221;][vc_empty_space height=&#8221;15px&#8221;][vc_separator el_class=&#8221;lin-vc-separator&#8221;][vc_row_inner el_class=&#8221;reverse-column&#8221;][vc_column_inner width=&#8221;1\/2&#8243;][vc_column_text] En estos \u00faltimos a\u00f1os se han producido bastantes avances en la promoci\u00f3n de la Educaci\u00f3n F\u00edsica&nbsp;<a href=\"https:\/\/www.dippe.lu\/es\/inclusive-practice\/\">&hellip;<\/a><\/p>\n","protected":false},"author":1,"featured_media":0,"parent":0,"menu_order":0,"comment_status":"closed","ping_status":"closed","template":"page-inclusion.php","meta":[],"_links":{"self":[{"href":"https:\/\/www.dippe.lu\/es\/wp-json\/wp\/v2\/pages\/2493"}],"collection":[{"href":"https:\/\/www.dippe.lu\/es\/wp-json\/wp\/v2\/pages"}],"about":[{"href":"https:\/\/www.dippe.lu\/es\/wp-json\/wp\/v2\/types\/page"}],"author":[{"embeddable":true,"href":"https:\/\/www.dippe.lu\/es\/wp-json\/wp\/v2\/users\/1"}],"replies":[{"embeddable":true,"href":"https:\/\/www.dippe.lu\/es\/wp-json\/wp\/v2\/comments?post=2493"}],"version-history":[{"count":2,"href":"https:\/\/www.dippe.lu\/es\/wp-json\/wp\/v2\/pages\/2493\/revisions"}],"predecessor-version":[{"id":3046,"href":"https:\/\/www.dippe.lu\/es\/wp-json\/wp\/v2\/pages\/2493\/revisions\/3046"}],"wp:attachment":[{"href":"https:\/\/www.dippe.lu\/es\/wp-json\/wp\/v2\/media?parent=2493"}],"curies":[{"name":"wp","href":"https:\/\/api.w.org\/{rel}","templated":true}]}}