{"id":2454,"date":"2020-09-09T13:14:30","date_gmt":"2020-09-09T13:14:30","guid":{"rendered":"https:\/\/www.dippe.lu\/contact\/"},"modified":"2021-09-30T09:41:59","modified_gmt":"2021-09-30T09:41:59","slug":"contact","status":"publish","type":"page","link":"https:\/\/www.dippe.lu\/es\/contact\/","title":{"rendered":"Cont\u00e1ctanos"},"content":{"rendered":"[vc_row is_container=&#8221;1&#8243; el_class=&#8221;margin-bottom-zero&#8221;][vc_column css=&#8221;.vc_custom_1455188391350{margin-bottom: 0px !important;}&#8221;][vc_custom_heading text=&#8221;<b>Hable con nosotros<\/b>&#8221; font_container=&#8221;tag:div|text_align:center|color:%23333333&#8243; use_theme_fonts=&#8221;yes&#8221; el_class=&#8221;head-title&#8221;][vc_empty_space height=&#8221;15px&#8221;][vc_separator el_class=&#8221;lin-vc-separator&#8221;][vc_empty_space height=&#8221;15px&#8221;][\/vc_column][\/vc_row][vc_row][vc_column width=&#8221;1\/3&#8243; css=&#8221;.vc_custom_1452242779418{padding-top: 0px !important;}&#8221;]<div id=\"ultimate-heading-366669ebbafbbb0f4\" class=\"uvc-heading ult-adjust-bottom-margin ultimate-heading-366669ebbafbbb0f4 uvc-7679 \" data-hspacer=\"no_spacer\"  data-halign=\"left\" style=\"text-align:left\"><div class=\"uvc-heading-spacer no_spacer\" style=\"top\"><\/div><div class=\"uvc-main-heading ult-responsive\"  data-ultimate-target='.uvc-heading.ultimate-heading-366669ebbafbbb0f4 h2'  data-responsive-json-new='{\"font-size\":\"desktop:18px;\",\"line-height\":\"desktop:26px;\"}' ><h2 style=\"font-weight:normal;color:#333333;margin-bottom:15px;\">Cont\u00e1ctanos<\/h2><\/div><div class=\"uvc-sub-heading ult-responsive\"  data-ultimate-target='.uvc-heading.ultimate-heading-366669ebbafbbb0f4 .uvc-sub-heading '  data-responsive-json-new='{\"font-size\":\"desktop:14px;\",\"line-height\":\"desktop:22px;\"}'  style=\"font-weight:normal;color:#666666;\">\n<p>\u00bfEn qu\u00e9 podemos ayudarle? Estamos aqu\u00ed para ayudar y responder a cualquier pregunta que le surja. Seleccione el tema de su consulta. Estamos encantados de atenderle.<\/p>\n<\/div><\/div><div class=\"ult-spacer spacer-69ebbafbbb128\" data-id=\"69ebbafbbb128\" data-height=\"15\" data-height-mobile=\"15\" data-height-tab=\"15\" data-height-tab-portrait=\"\" data-height-mobile-landscape=\"\" style=\"clear:both;display:block;\"><\/div><div id=\"ultimate-heading-616069ebbafbbb14c\" class=\"uvc-heading ult-adjust-bottom-margin ultimate-heading-616069ebbafbbb14c uvc-3098 \" data-hspacer=\"no_spacer\"  data-halign=\"left\" style=\"text-align:left\"><div class=\"uvc-heading-spacer no_spacer\" style=\"top\"><\/div><div class=\"uvc-main-heading ult-responsive\"  data-ultimate-target='.uvc-heading.ultimate-heading-616069ebbafbbb14c h2'  data-responsive-json-new='{\"font-size\":\"desktop:18px;\",\"line-height\":\"desktop:26px;\"}' ><h2 style=\"font-weight:normal;color:#333333;margin-bottom:15px;\">Redes sociales<\/h2><\/div><div class=\"uvc-sub-heading ult-responsive\"  data-ultimate-target='.uvc-heading.ultimate-heading-616069ebbafbbb14c .uvc-sub-heading '  data-responsive-json-new='{\"font-size\":\"desktop:14px;\",\"line-height\":\"desktop:22px;\"}'  style=\"font-weight:normal;color:#666666;\">\n<p>S\u00edganos tambi\u00e9n en las redes sociales para estar informado de las \u00faltimas novedades de DIPPE.<\/p>\n<\/div><\/div>[vc_column_text el_class=&#8221;social&#8221;]<span class=\"scp-icon scp-icon-background pull-left scp_icon-75e691dc79a931662005b7f104d48706\"><a href=\"https:\/\/www.facebook.com\/DIPPEproject\" target=\"_blank\"><i class=\"fa fa-facebook\"><\/i><\/a> <\/span><span class=\"scp-icon scp-icon-background pull-left scp_icon-d45d5ea46ff432be79941068acad6736\"><a href=\"https:\/\/twitter.com\/DIPPE12\" target=\"_blank\"><i class=\"fa fa-twitter\"><\/i><\/a> <\/span>[\/vc_column_text][\/vc_column][vc_column width=&#8221;2\/3&#8243; css=&#8221;.vc_custom_1599726602421{margin-bottom: 0px !important;}&#8221;]<div class=\"wpforms-container wpforms-container-full\" id=\"wpforms-2693\"><form id=\"wpforms-form-2693\" class=\"wpforms-validate wpforms-form\" data-formid=\"2693\" method=\"post\" enctype=\"multipart\/form-data\" action=\"\/es\/wp-json\/wp\/v2\/pages\/2454\" data-token=\"4faf5167e5eb6c3aac9ff9f5b57dd1b2\"><noscript class=\"wpforms-error-noscript\">Por favor, activa JavaScript en tu navegador para completar este formulario.<\/noscript><div class=\"wpforms-field-container\"><div id=\"wpforms-2693-field_1-container\" class=\"wpforms-field wpforms-field-text wpforms-one-half wpforms-first\" data-field-id=\"1\"><label class=\"wpforms-field-label\" for=\"wpforms-2693-field_1\">Apellido <span class=\"wpforms-required-label\">*<\/span><\/label><input type=\"text\" id=\"wpforms-2693-field_1\" class=\"wpforms-field-large wpforms-field-required\" name=\"wpforms[fields][1]\" required><\/div><div id=\"wpforms-2693-field_5-container\" class=\"wpforms-field wpforms-field-text wpforms-one-half\" data-field-id=\"5\"><label class=\"wpforms-field-label\" for=\"wpforms-2693-field_5\">Nombre  <span class=\"wpforms-required-label\">*<\/span><\/label><input type=\"text\" id=\"wpforms-2693-field_5\" class=\"wpforms-field-large wpforms-field-required\" name=\"wpforms[fields][5]\" required><\/div><div id=\"wpforms-2693-field_3-container\" class=\"wpforms-field wpforms-field-email\" data-field-id=\"3\"><label class=\"wpforms-field-label\" for=\"wpforms-2693-field_3\">Correo electr\u00f3nico  <span class=\"wpforms-required-label\">*<\/span><\/label><input type=\"email\" id=\"wpforms-2693-field_3\" class=\"wpforms-field-large wpforms-field-required\" name=\"wpforms[fields][3]\" required><\/div><div id=\"wpforms-2693-field_6-container\" class=\"wpforms-field wpforms-field-select wpforms-field-select-style-classic\" data-field-id=\"6\"><label class=\"wpforms-field-label\" for=\"wpforms-2693-field_6\">Asunto <span class=\"wpforms-required-label\">*<\/span><\/label><select id=\"wpforms-2693-field_6\" class=\"wpforms-field-large wpforms-field-required\" name=\"wpforms[fields][6]\" required=\"required\"><option value=\"Petici\u00f3n general\" >Petici\u00f3n general<\/option><option value=\"Atenci\u00f3n y concentraci\u00f3n\" >Atenci\u00f3n y concentraci\u00f3n<\/option><option value=\"Social, emocional y relacional\" >Social, emocional y relacional<\/option><option value=\"Motricidad gruesa y fina\" >Motricidad gruesa y fina<\/option><option value=\"Capacidades f\u00edsicas\" >Capacidades f\u00edsicas<\/option><option value=\"Enfermedades cr\u00f3nicas\" >Enfermedades cr\u00f3nicas<\/option><option value=\"Comunicaci\u00f3n verbal y no verbal\" >Comunicaci\u00f3n verbal y no verbal<\/option><option value=\"Sensorial\" >Sensorial<\/option><\/select><\/div><div id=\"wpforms-2693-field_4-container\" class=\"wpforms-field wpforms-field-textarea\" data-field-id=\"4\"><label class=\"wpforms-field-label\" for=\"wpforms-2693-field_4\">Mensaje<\/label><textarea id=\"wpforms-2693-field_4\" class=\"wpforms-field-large\" name=\"wpforms[fields][4]\" ><\/textarea><\/div><\/div><div class=\"wpforms-submit-container\" ><input type=\"hidden\" name=\"wpforms[id]\" value=\"2693\"><input type=\"hidden\" name=\"wpforms[author]\" value=\"1\"><button type=\"submit\" name=\"wpforms[submit]\" class=\"wpforms-submit \" id=\"wpforms-submit-2693\" value=\"wpforms-submit\" aria-live=\"assertive\" data-alt-text=\"Sending...\" data-submit-text=\"Enviar\">Enviar<\/button><\/div><\/form><\/div>  <!-- .wpforms-container -->[\/vc_column][\/vc_row]\n","protected":false},"excerpt":{"rendered":"<p>[vc_row is_container=&#8221;1&#8243; el_class=&#8221;margin-bottom-zero&#8221;][vc_column css=&#8221;.vc_custom_1455188391350{margin-bottom: 0px !important;}&#8221;][vc_custom_heading text=&#8221;Hable con nosotros&#8221; font_container=&#8221;tag:div|text_align:center|color:%23333333&#8243; use_theme_fonts=&#8221;yes&#8221; el_class=&#8221;head-title&#8221;][vc_empty_space height=&#8221;15px&#8221;][vc_separator el_class=&#8221;lin-vc-separator&#8221;][vc_empty_space height=&#8221;15px&#8221;][\/vc_column][\/vc_row][vc_row][vc_column width=&#8221;1\/3&#8243; css=&#8221;.vc_custom_1452242779418{padding-top: 0px !important;}&#8221;][vc_column_text el_class=&#8221;social&#8221;][\/vc_column_text][\/vc_column][vc_column width=&#8221;2\/3&#8243; css=&#8221;.vc_custom_1599726602421{margin-bottom: 0px !important;}&#8221;][\/vc_column][\/vc_row]<\/p>\n","protected":false},"author":1,"featured_media":2402,"parent":0,"menu_order":0,"comment_status":"closed","ping_status":"closed","template":"template-fullwidth.php","meta":[],"_links":{"self":[{"href":"https:\/\/www.dippe.lu\/es\/wp-json\/wp\/v2\/pages\/2454"}],"collection":[{"href":"https:\/\/www.dippe.lu\/es\/wp-json\/wp\/v2\/pages"}],"about":[{"href":"https:\/\/www.dippe.lu\/es\/wp-json\/wp\/v2\/types\/page"}],"author":[{"embeddable":true,"href":"https:\/\/www.dippe.lu\/es\/wp-json\/wp\/v2\/users\/1"}],"replies":[{"embeddable":true,"href":"https:\/\/www.dippe.lu\/es\/wp-json\/wp\/v2\/comments?post=2454"}],"version-history":[{"count":3,"href":"https:\/\/www.dippe.lu\/es\/wp-json\/wp\/v2\/pages\/2454\/revisions"}],"predecessor-version":[{"id":2694,"href":"https:\/\/www.dippe.lu\/es\/wp-json\/wp\/v2\/pages\/2454\/revisions\/2694"}],"wp:featuredmedia":[{"embeddable":true,"href":"https:\/\/www.dippe.lu\/es\/wp-json\/wp\/v2\/media\/2402"}],"wp:attachment":[{"href":"https:\/\/www.dippe.lu\/es\/wp-json\/wp\/v2\/media?parent=2454"}],"curies":[{"name":"wp","href":"https:\/\/api.w.org\/{rel}","templated":true}]}}