{"id":2475,"date":"2020-11-03T13:59:43","date_gmt":"2020-11-03T13:59:43","guid":{"rendered":"https:\/\/www.dippe.lu\/inklusive-praxis\/"},"modified":"2021-10-01T11:15:24","modified_gmt":"2021-10-01T11:15:24","slug":"inclusive-practice","status":"publish","type":"page","link":"https:\/\/www.dippe.lu\/de\/inclusive-practice\/","title":{"rendered":"Inklusive Praxis"},"content":{"rendered":"[vc_row][vc_column][vc_custom_heading text=&#8221;<b>Entwicklung einer inklusiven<\/b> Lernumgebung durch inklusive Praxis&#8221; font_container=&#8221;tag:div|text_align:center|color:%23333333&#8243; use_theme_fonts=&#8221;yes&#8221; el_class=&#8221;head-title&#8221;][vc_empty_space height=&#8221;15px&#8221;][vc_separator el_class=&#8221;lin-vc-separator&#8221;][vc_row_inner el_class=&#8221;reverse-column&#8221;][vc_column_inner width=&#8221;1\/2&#8243;][vc_column_text]\n<p>In den letzten Jahren wurden Fortschritte bei der F\u00f6rderung inklusiver Praxis im Bewegungsunterricht erzielt. Dies wird in den Resultaten des DIPPE-Fragebogens veranschaulicht, in dem 60% der Lehrkr\u00e4fte die Einbeziehung in den Bewegungsunterricht an Grundschulen in ihren L\u00e4ndern als wichtig einstuften und 65% ein gutes oder sehr gutes Kompetenzgef\u00fchl bei der F\u00f6rderung inklusiver Praxis im Bewegungsunterricht angaben. Trotz dieser Fortschritte ist es offensichtlich, dass eine Reihe von Faktoren bestehen bleiben, die Inklusionsversuche f\u00fcr Kinder mit und ohne zus\u00e4tzlichen Bedarf in Frage stellen: Lehrplandruck, Zeitbeschr\u00e4nkungen, Umwelteinschr\u00e4nkungen, Ressourcen und Einstellungen der Lehrkr\u00e4fte (<span class='qlabs_tooltip_top_center qlabs_tooltip_style_38 cursor_pointer event_hover' style=''  aria-haspopup='true'>De Corby et al., 2005<span style='width: 180px; '  >Classroom Teachers and the Challenges of Delivering Quality Physical Education. <a class=\"tooltip-link\" title=\"\" href=\"https:\/\/www.tandfonline.com\/doi\/abs\/10.3200\/JOER.98.4.208-221\" target=\"_blank\" rel=\"noopener noreferrer\" aria-label=\"\">The Journal of Educational Research, 98(4), 208-220<\/a><\/span><\/span>; Morgan &amp; Hansen, 2008, NCCA,<span class=\"s1\"><span class='qlabs_tooltip_top qlabs_tooltip_style_38 cursor_pointer event_hover' style=''  aria-haspopup='true'>2010a<span style='width: 180px; '  ><a href=\"https:\/\/www.ncca.ie\/media\/2053\/curriculum_overload_in_primary_schools_experiences_and_reflections_from_the_learning_site.pdf\" target=\"_blank\" rel=\"noopener noreferrer\">Curriculum Overload in Primary Schools<\/a>: experiences and reflections from the learning.<\/span><\/span><\/span>, <span class='qlabs_tooltip_top qlabs_tooltip_style_38 cursor_pointer event_hover' style=''  aria-haspopup='true'>2010b<span style='width: 180px; '  ><a href=\"https:\/\/www.ncca.ie\/media\/2052\/curriculum_overload_in_primary_schools_an_overview_of_national_and_international_experiences.pdf\" target=\"_blank\" rel=\"noopener noreferrer\">Curriculum Overload in Primary Schools<\/a>: an overview of national and international experiences.<\/span><\/span>).<\/p>\n<p>Inklusiver Bewegungsunterricht sollte alle Kinder durch positive, aussagekr\u00e4ftige und entwicklungsgerechte Lernerfahrungen miteinbeziehen (<span class='qlabs_tooltip_top_center qlabs_tooltip_style_38 cursor_pointer event_hover' style=''  aria-haspopup='true'>Wrench and Garrett 2018<span style='width: 180px; '  >Diversity and Inclusion. In G., Griggs &amp; K. Petrie (Eds.), Routledge Handbook of Primary Physical Education (pp. 134-144). Abingdon: Routledge.<\/span><\/span>); <span class='qlabs_tooltip_top_center qlabs_tooltip_style_38 cursor_pointer event_hover' style=''  aria-haspopup='true'>Morrison &amp; Gleddie, 2019<span style='width: 180px; '  >Interpretive case studies of inclusive physical education: shared experiences from diverse school settings, <a href=\"https:\/\/www.tandfonline.com\/doi\/abs\/10.1080\/13603116.2018.1557751?af=R&amp;journalCode=tied20\" target=\"_blank\" rel=\"noopener noreferrer\">International Journal of Inclusive Education.<\/a><\/span><\/span>). Daher liegt der Schwerpunkt dieser Online-Ressource auf der Bereitstellung von curricularer und p\u00e4dagogischer Unterst\u00fctzung f\u00fcr Lehrkr\u00e4fte des Bewegungsunterrichts in der Primarstufe, um eine inklusive Lernumgebung zu entwickeln.<\/p>\n<span class='qlabs_tooltip_top qlabs_tooltip_style_38 cursor_pointer event_hover' style=''  aria-haspopup='true'>Florian (2015)<span style='width: 180px; '  >Conceptualising inclusive pedagogy: The inclusive pedagogical approach in action. In J. M., Deppeler, T., Loreman, R., Smith &amp; L., Florian (eds), Inclusive Pedagogy Across the Curriculum. Vol. 7. (pp. 11-24). Bingley: Emerald Group Publishing Limited.<\/span><\/span> beschreibt inklusive Praxis als Konzentration auf die individuellen Bed\u00fcrfnisse von Lernenden im soziokulturellen Kontext des Lernens. Dementsprechend steht die Lehrkraft im Mittelpunkt der Schaffung eines Umfelds und von Bedingungen, unter denen die Inklusion gedeihen kann.<\/p>\n[\/vc_column_text][\/vc_column_inner][vc_column_inner width=&#8221;1\/2&#8243;][vc_single_image image=&#8221;2478&#8243; img_size=&#8221;large&#8221;][\/vc_column_inner][\/vc_row_inner][\/vc_column][\/vc_row][vc_row css=&#8221;.vc_custom_1607632478316{background-color: rgba(0,170,229,0.5) !important;*background-color: rgb(0,170,229) !important;}&#8221;][vc_column width=&#8221;1\/2&#8243;][vc_column_text]\n<p>Um Lehrkr\u00e4ften bei der Entwicklung inklusiver Praxis zu helfen, werden in dieser Ressource die vier Grundprinzipien, die von der <span class='qlabs_tooltip_top_center qlabs_tooltip_style_38 cursor_pointer event_hover' style=''  aria-haspopup='true'>UNESCO (2005)<span style='width: 180px; '  ><a href=\"https:\/\/unesdoc.unesco.org\/ark:\/48223\/pf0000140224\" target=\"_blank\" rel=\"noopener noreferrer\">Guidelines for inclusion: <\/a>ensuring access to education for all.<\/span><\/span> zur Unterst\u00fctzung inklusiver Praxis hervorgehoben wurden, anerkannt:<\/p>\n[\/vc_column_text][vc_row_inner][vc_column_inner]<div class=\"uavc-list-icon uavc-list-icon-wrapper ult-adjust-bottom-margin   \"><ul class=\"uavc-list\"><li><div class=\"uavc-list-content\" id=\"list-icon-wrap-4418\">\n<div class=\"uavc-list-icon  \" data-animation=\"\" data-animation-delay=\"03\" style=\"margin-right:10px;\"><div class=\"ult-just-icon-wrapper  \"><div class=\"align-icon\" style=\"text-align:center;\">\n<div class=\"aio-icon none \"  style=\"color:#ffffff;font-size:15px;display:inline-block;\">\n\t<i class=\"Defaults-check\"><\/i>\n<\/div><\/div><\/div>\n<\/div><span  data-ultimate-target='#list-icon-wrap-4418 .uavc-list-desc'  data-responsive-json-new='{\"font-size\":\"\",\"line-height\":\"\"}'  class=\"uavc-list-desc ult-responsive\" style=\"\">\n<p>Inklusion ist ein Prozess.<\/p>\n<\/span><\/div><\/li><\/ul><\/div><div class=\"uavc-list-icon uavc-list-icon-wrapper ult-adjust-bottom-margin   \"><ul class=\"uavc-list\"><li><div class=\"uavc-list-content\" id=\"list-icon-wrap-1905\">\n<div class=\"uavc-list-icon  \" data-animation=\"\" data-animation-delay=\"03\" style=\"margin-right:10px;\"><div class=\"ult-just-icon-wrapper  \"><div class=\"align-icon\" style=\"text-align:center;\">\n<div class=\"aio-icon none \"  style=\"color:#ffffff;font-size:15px;display:inline-block;\">\n\t<i class=\"Defaults-check\"><\/i>\n<\/div><\/div><\/div>\n<\/div><span  data-ultimate-target='#list-icon-wrap-1905 .uavc-list-desc'  data-responsive-json-new='{\"font-size\":\"\",\"line-height\":\"\"}'  class=\"uavc-list-desc ult-responsive\" style=\"\">\n<p>Inklusion befasst sich mit der Identifizierung und Beseitigung von Barrieren.<\/p>\n<\/span><\/div><\/li><\/ul><\/div><div class=\"uavc-list-icon uavc-list-icon-wrapper ult-adjust-bottom-margin   \"><ul class=\"uavc-list\"><li><div class=\"uavc-list-content\" id=\"list-icon-wrap-7988\">\n<div class=\"uavc-list-icon  \" data-animation=\"\" data-animation-delay=\"03\" style=\"margin-right:10px;\"><div class=\"ult-just-icon-wrapper  \"><div class=\"align-icon\" style=\"text-align:center;\">\n<div class=\"aio-icon none \"  style=\"color:#ffffff;font-size:15px;display:inline-block;\">\n\t<i class=\"Defaults-check\"><\/i>\n<\/div><\/div><\/div>\n<\/div><span  data-ultimate-target='#list-icon-wrap-7988 .uavc-list-desc'  data-responsive-json-new='{\"font-size\":\"\",\"line-height\":\"\"}'  class=\"uavc-list-desc ult-responsive\" style=\"\">\n<p>Bei Inklusion geht es um die Anwesenheit, Teilnahme und Leistung aller Kinder.<\/p>\n<\/span><\/div><\/li><\/ul><\/div><div class=\"uavc-list-icon uavc-list-icon-wrapper ult-adjust-bottom-margin   \"><ul class=\"uavc-list\"><li><div class=\"uavc-list-content\" id=\"list-icon-wrap-9041\">\n<div class=\"uavc-list-icon  \" data-animation=\"\" data-animation-delay=\"03\" style=\"margin-right:10px;\"><div class=\"ult-just-icon-wrapper  \"><div class=\"align-icon\" style=\"text-align:center;\">\n<div class=\"aio-icon none \"  style=\"color:#ffffff;font-size:15px;display:inline-block;\">\n\t<i class=\"Defaults-check\"><\/i>\n<\/div><\/div><\/div>\n<\/div><span  data-ultimate-target='#list-icon-wrap-9041 .uavc-list-desc'  data-responsive-json-new='{\"font-size\":\"\",\"line-height\":\"\"}'  class=\"uavc-list-desc ult-responsive\" style=\"\">\n<p>Inklusion legt einen besonderen Schwerpunkt auf diejenigen Lerngruppen, bei denen das Risiko einer Marginalisierung, Ausgrenzung oder Untererf\u00fcllung besteht.<\/p>\n<\/span><\/div><\/li><\/ul><\/div>[\/vc_column_inner][\/vc_row_inner][\/vc_column][vc_column width=&#8221;1\/2&#8243;][vc_column_text]\n<p>Diese Grunds\u00e4tze werden eingesetzt, um den in dieser Ressource bef\u00fcrworteten Ansatz der inklusiven Praxis zu untermauern.<\/p>\n[\/vc_column_text][vc_column_text]\n<p>Um die Lehrkr\u00e4fte bei der Entwicklung einer inklusiven Lernumgebung f\u00fcr ihre Sch\u00fcler\/innen zu unterst\u00fctzen und die Inklusion in ihre Praxis einzubetten, wurden ein Funktionsplan und ein Rahmen f\u00fcr Kenntnisse, F\u00e4higkeiten und Kompetenzen entwickelt.<\/p>\n[\/vc_column_text]<a href=\"\/wp-content\/uploads\/2020\/11\/Dippe-Knowledge-skills-Competency.pdf\" class=\"wh-button  scp_theme_button-09757fd4b53fafa8f83b3810d7a838e5\" target=\"_blank\">Donwload PDF<\/a>[\/vc_column][\/vc_row][vc_row el_class=&#8221;margin-bottom-zero&#8221;][vc_column][vc_custom_heading text=&#8221;<b>Inclusion<\/b> process&#8221; font_container=&#8221;tag:div|text_align:center|color:%23333333&#8243; use_theme_fonts=&#8221;yes&#8221; el_class=&#8221;head-title&#8221;][vc_empty_space height=&#8221;15px&#8221;][vc_separator el_class=&#8221;lin-vc-separator&#8221;][vc_row_inner][vc_column_inner][vc_column_text]\n<p class=\"p1\"><span class=\"s1\">Dar\u00fcber hinaus zeigt das folgende Diagramm die Hauptkomponenten der inklusiven Praxis im Bewegungsunterricht an Grundschulen. Diese Komponenten interagieren st\u00e4ndig miteinander, da sie jeweils zum Inklusionsprozess beitragen. Durch Klicken auf jede Komponente werden die \u00dcberlegungen erl\u00e4utert, die Lehrkr\u00e4fte in ihrer Praxis anstellen k\u00f6nnen, um die Inklusion zu f\u00f6rdern.<\/span><\/p>\n[\/vc_column_text][\/vc_column_inner][\/vc_row_inner][\/vc_column][\/vc_row][vc_row equal_height=&#8221;yes&#8221; content_placement=&#8221;middle&#8221;][vc_column width=&#8221;1\/3&#8243; el_id=&#8221;inclusion-process-triangle&#8221;][vc_single_image image=&#8221;2483&#8243; img_size=&#8221;full&#8221;][\/vc_column][vc_column width=&#8221;2\/3&#8243;][vc_tta_accordion style=&#8221;modern&#8221; shape=&#8221;square&#8221; color=&#8221;white&#8221; c_position=&#8221;right&#8221; active_section=&#8221;1&#8243; no_fill=&#8221;true&#8221;][vc_tta_section title=&#8221;Einzelper-son(en)&#8221; tab_id=&#8221;1598448918291-d9e24037-e544&#8243;][vc_column_text]\n<ul>\n<li>Lehrkr\u00e4fte untersuchen ihre eigenen Annahmen in Bezug auf Normen und Hierarchien innerhalb der Gesellschaft.<\/li>\n<li>Lehrkr\u00e4fte denken \u00fcber als selbstverst\u00e4ndlich vorausgesetzte Vorstellungen von Bewegungsunterricht nach, insbesondere in Bezug darauf, was, wie und warum unterrichtet wird!<\/li>\n<li>Sch\u00e4tzen Sie Vielfalt \u2013 Betrachten Sie Unterschiedlichkeit als einen wesentlichen Aspekt der menschlichen Entwicklung!.(<span class='qlabs_tooltip_top_center qlabs_tooltip_style_38 cursor_pointer event_hover' style=''  aria-haspopup='true'>Module<span style='width: 180px; '  ><a class=\"tooltip-link\" title=\"\" href=\"chronic-conditions\" target=\"_blank\" rel=\"noopener noreferrer\" aria-label=\"\">Chronic conditions<\/a><\/span><\/span>)<\/li>\n<li>Kennen Sie die Kinder, bauen Sie Beziehungen auf &#8211; ber\u00fccksichtigen Sie die Bed\u00fcrfnisse, Lernhindernisse und das angemessene Ma\u00df an Unterst\u00fctzung f\u00fcr jeden Lernenden.<\/li>\n<li>Denken Sie daran, dass die Behinderung nicht im Mittelpunkt stehen sollte, sondern die F\u00e4higkeiten des Kindes, um sicherzustellen, dass das Kind sein Potenzial erreicht!. (<span class='qlabs_tooltip_top_center qlabs_tooltip_style_38 cursor_pointer event_hover' style=''  aria-haspopup='true'>Module<span style='width: 180px; '  ><a class=\"tooltip-link\" title=\"\" href=\"physical-capabilities\" target=\"_blank\" rel=\"noopener noreferrer\" aria-label=\"\">Physical capabilities<\/a><\/span><\/span>)<\/li>\n<li>Ermutigen Sie die Kinder, sich auszudr\u00fccken, um zu artikulieren, was sie k\u00f6nnen und was ihnen schwerf\u00e4llt. Fragen Sie die Kinder, welche Unterst\u00fctzung sie ben\u00f6tigen!.\u00a0(<span class='qlabs_tooltip_top_center qlabs_tooltip_style_38 cursor_pointer event_hover' style=''  aria-haspopup='true'>Module<span style='width: 180px; '  ><a class=\"tooltip-link\" title=\"\" href=\"gross-and-fine-motor-skills\" target=\"_blank\" rel=\"noopener noreferrer\" aria-label=\"\">Gross and Fine Motor skills<\/a><\/span><\/span>)<\/li>\n<li>H\u00f6ren Sie auf die Stimme des Kindes, auf die Eltern des Kindes und auf andere, wie z. B. Therapeuten\/innen, die mit dem Kind arbeiten!.\u00a0(<span class='qlabs_tooltip_top_center qlabs_tooltip_style_38 cursor_pointer event_hover' style=''  aria-haspopup='true'>Modules<span style='width: 180px; '  ><a class=\"tooltip-link\" title=\"\" href=\"physical-capabilities\" target=\"_blank\" rel=\"noopener noreferrer\" aria-label=\"\">Physical capabilities<\/a>, <a class=\"tooltip-link\" title=\"\" href=\"chronic-conditions\" target=\"_blank\" rel=\"noopener noreferrer\" aria-label=\"\">Chronic conditions<\/a><\/span><\/span>)<\/li>\n<li>Seien Sie reaktionsschnell &#8211; folgen Sie den Interessen der Kinder!.\u00a0(<span class='qlabs_tooltip_top_center qlabs_tooltip_style_38 cursor_pointer event_hover' style=''  aria-haspopup='true'>Module<span style='width: 180px; '  ><a class=\"tooltip-link\" title=\"\" href=\"verbal-non-verbal-communication\" target=\"_blank\" rel=\"noopener noreferrer\" aria-label=\"\">Verbal and non-verbal communication<\/a><\/span><\/span>)<\/li>\n<li>Unterst\u00fctzen Sie jedes Kind dabei, im Bildungskontext aufzubl\u00fchen!.<\/li>\n<li>Bieten Sie den Lernenden die M\u00f6glichkeit, unabh\u00e4ngig zu arbeiten und Verantwortung f\u00fcr den Lernprozess zu \u00fcbernehmen!<\/li>\n<li>Schaffen Sie ein Klima des Vertrauens und der Unterst\u00fctzung zwischen Kindern!. (<span class='qlabs_tooltip_top_center qlabs_tooltip_style_38 cursor_pointer event_hover' style=''  aria-haspopup='true'>Module<span style='width: 180px; '  ><a class=\"tooltip-link\" title=\"\" href=\"attention-concentration\" target=\"_blank\" rel=\"noopener noreferrer\" aria-label=\"\">Attention and Concentration<\/a><\/span><\/span>)<\/li>\n<li>Ermutigen Sie Gleichaltrige, indem Sie den Kindern beibringen, sich gegenseitig zu verstehen und sich gegenseitig positiv zu unterst\u00fctzen!.\u00a0(<span class='qlabs_tooltip_top_center qlabs_tooltip_style_38 cursor_pointer event_hover' style=''  aria-haspopup='true'>Module<span style='width: 180px; '  ><a class=\"tooltip-link\" title=\"\" href=\"gross-and-fine-motor-skills\" target=\"_blank\" rel=\"noopener noreferrer\" aria-label=\"\">Gross and Fine Motor skills<\/a><\/span><\/span>)<\/li>\n<li>Achten Sie darauf, wie Sie als Lehrkraft und die Kinder durch K\u00f6rpersprache und nonverbale Hinweise (z. B. Mimik, Gesten, Augenkontakt) kommunizieren!. (<span class='qlabs_tooltip_top_center qlabs_tooltip_style_38 cursor_pointer event_hover' style=''  aria-haspopup='true'>Modules<span style='width: 180px; '  ><a class=\"tooltip-link\" title=\"\" href=\"verbal-non-verbal-communication\" target=\"_blank\" rel=\"noopener noreferrer\" aria-label=\"\">Verbal and non-verbal communication<\/a>, <a class=\"tooltip-link\" title=\"\" href=\"physical-capabilities\" target=\"_blank\" rel=\"noopener noreferrer\" aria-label=\"\">Physical capabilities<\/a>, <a class=\"tooltip-link\" title=\"\" href=\"chronic-conditions\" target=\"_blank\" rel=\"noopener noreferrer\" aria-label=\"\">Chronic conditions<\/a><\/span><\/span>)<\/li>\n<li>Loben und anerkennen Sie die Bem\u00fchungen der Kinder!. (<span class='qlabs_tooltip_top_center qlabs_tooltip_style_38 cursor_pointer event_hover' style=''  aria-haspopup='true'>Module<span style='width: 180px; '  ><a class=\"tooltip-link\" title=\"\" href=\"verbal-non-verbal-communication\" target=\"_blank\" rel=\"noopener noreferrer\" aria-label=\"\">Verbal and non-verbal communication<\/a><\/span><\/span>)<\/li>\n<\/ul>\n<p>&nbsp;<\/p>\n[\/vc_column_text][\/vc_tta_section][vc_tta_section title=&#8221;Umgebung&#8221; tab_id=&#8221;1598448918345-a56e8db5-c9c3&#8243;][vc_column_text]\n<ul>\n<li>Schaffen Sie eine sichere, unterst\u00fctzende Lernumgebung, die sich auf Respekt konzentriert und Kinder dazu ermutigt, bei Bedarf um Hilfe oder Kl\u00e4rung zu bitten!. (<span class='qlabs_tooltip_top_center qlabs_tooltip_style_38 cursor_pointer event_hover' style=''  aria-haspopup='true'>Modules<span style='width: 180px; '  ><a class=\"tooltip-link\" title=\"\" href=\"verbal-non-verbal-communication\" target=\"_blank\" rel=\"noopener noreferrer\" aria-label=\"\">Verbal and non-verbal communication<\/a>, <a class=\"tooltip-link\" title=\"\" href=\"sensory\" target=\"_blank\" rel=\"noopener noreferrer\" aria-label=\"\">Sensory<\/a><\/span><\/span>)<\/li>\n<li>Entwickeln Sie umfassende Lernm\u00f6glichkeiten f\u00fcr alle Lernenden!<\/li>\n<li>Passen Sie die Umgebung, Ressourcen und Bewegungssituationen an, um sicherzustellen, dass Lernerfahrungen f\u00fcr alle Lernenden entwicklungsgerecht und zug\u00e4nglich sind!. (<span class='qlabs_tooltip_top_center qlabs_tooltip_style_38 cursor_pointer event_hover' style=''  aria-haspopup='true'>Module<span style='width: 180px; '  ><a class=\"tooltip-link\" title=\"\" href=\"gross-and-fine-motor-skills\" target=\"_blank\" rel=\"noopener noreferrer\" aria-label=\"\">Gross and Fine Motor Skills<\/a><\/span><\/span>)<\/li>\n<li>Geben Sie Kindern Raum, falls erforderlich eine Auszeit zu nehmen!. (<span class='qlabs_tooltip_top_center qlabs_tooltip_style_38 cursor_pointer event_hover' style=''  aria-haspopup='true'>Modules<span style='width: 180px; '  ><a class=\"tooltip-link\" title=\"\" href=\"chronic-conditions\" target=\"_blank\" rel=\"noopener noreferrer\" aria-label=\"\">Chronic conditions<\/a>, <a class=\"tooltip-link\" title=\"\" href=\"physical-capabilities\" target=\"_blank\" rel=\"noopener noreferrer\" aria-label=\"\">Physical capabilities<\/a><\/span><\/span>)<\/li>\n<li>Verwenden Sie visuelle Reize wie Bilder, um Bedeutung zu vermitteln!. (<span class='qlabs_tooltip_top_center qlabs_tooltip_style_38 cursor_pointer event_hover' style=''  aria-haspopup='true'>Module<span style='width: 180px; '  ><a class=\"tooltip-link\" title=\"\" href=\"verbal-non-verbal-communication\" target=\"_blank\" rel=\"noopener noreferrer\" aria-label=\"\">Verbal and non-verbal communication<\/a><\/span><\/span>)<\/li>\n<li>Schaffen Sie eine entspannte, positive Lernumgebung!. (<span class='qlabs_tooltip_top_center qlabs_tooltip_style_38 cursor_pointer event_hover' style=''  aria-haspopup='true'>Module<span style='width: 180px; '  ><a class=\"tooltip-link\" title=\"\" href=\"verbal-non-verbal-communication\" target=\"_blank\" rel=\"noopener noreferrer\" aria-label=\"\">Verbal and non-verbal communication<\/a><\/span><\/span>)<\/li>\n<li>Minimieren Sie w\u00e4hrend des Unterrichts und bei m\u00fcndlichen Anweisungen Hintergrundger\u00e4usche, damit sich Kinder auf verbale Informationen konzentrieren und diese verarbeiten k\u00f6nnen!. (<span class='qlabs_tooltip_top_center qlabs_tooltip_style_38 cursor_pointer event_hover' style=''  aria-haspopup='true'>Module<span style='width: 180px; '  ><a class=\"tooltip-link\" title=\"\" href=\"verbal-non-verbal-communication\" target=\"_blank\" rel=\"noopener noreferrer\" aria-label=\"\">Verbal and non-verbal communication<\/a><\/span><\/span>)<\/li>\n<li>Nehmen Sie Kontakt mit externen Anbietern, die am Bewegungsunterricht beteiligt sind, auf und unterst\u00fctzen sie diese!. (<span class='qlabs_tooltip_top_center qlabs_tooltip_style_38 cursor_pointer event_hover' style=''  aria-haspopup='true'>Module<span style='width: 180px; '  ><a class=\"tooltip-link\" title=\"\" href=\"sensory\" target=\"_blank\" rel=\"noopener noreferrer\" aria-label=\"\">Sensory<\/a><\/span><\/span>)<\/li>\n<\/ul>\n[\/vc_column_text][\/vc_tta_section][vc_tta_section title=&#8221;Lehrplan &amp; P\u00e4dagogik&#8221; tab_id=&#8221;1598449212272-826ee57b-76b1&#8243;][vc_column_text]\n<ul>\n<li>Neubewertung und Entwicklung des Lehrplans und der damit verbundenen P\u00e4dagogik, um den Bed\u00fcrfnissen von Kindern mit und ohne zus\u00e4tzliche Bed\u00fcrfnisse gerecht zu werden.<\/li>\n<li>Fragepraxis:\n<ul>\n<li>Was wird gelehrt?<\/li>\n<li>Warum wird es gelehrt?<\/li>\n<li>Wie wird es gelehrt?<\/li>\n<\/ul>\n<\/li>\n<\/ul>\n<ul>\n<li>F\u00f6rdern Sie einen Dialog des Respekts, der Toleranz und der Einbeziehung in den Lehrplan!<\/li>\n<li>Um die Bed\u00fcrfnisse aller Lernenden bestm\u00f6glich zu erf\u00fcllen, \u00e4ndern und passen Sie Folgendes an:\n<ul>\n<li>Unterrichtsstrategien<\/li>\n<li>Gruppierungen<\/li>\n<li>Aktivit\u00e4ten<\/li>\n<\/ul>\n<\/li>\n<li>Stellen Sie eine Reihe von differenzierten Lernerfahrungen bereit, welche die Erfahrungen, Bed\u00fcrfnisse und F\u00e4higkeiten der Lernenden widerspiegeln, und f\u00f6rdern Sie die Wahl der Sch\u00fcler\/innen!<\/li>\n<li>Ermutigen Sie die Erforschung von Bewegungen auf verschiedene Weise!<\/li>\n<li>Bevorzugen Sie Teilnahme!<\/li>\n<li>Zeigen Sie eine positive Einstellung zum Lernen und geben Sie konstruktives, individuelles Feedback!<\/li>\n<\/ul>\n[\/vc_column_text][\/vc_tta_section][\/vc_tta_accordion][\/vc_column][\/vc_row][vc_row content_placement=&#8221;middle&#8221; bg_type=&#8221;bg_color&#8221; bg_override=&#8221;full&#8221; bg_color_value=&#8221;rgba(0,170,229,0.5)&#8221;][vc_column width=&#8221;1\/2&#8243;][vc_custom_heading text=&#8221;<b>Wollen Sie mehr wissen?<\/b>&#8221; font_container=&#8221;tag:div|text_align:left|color:%23333333&#8243; use_theme_fonts=&#8221;yes&#8221; el_class=&#8221;head-title&#8221;][\/vc_column][vc_column width=&#8221;1\/2&#8243;]<a href=\"\/strategies-resources\/\" class=\"wh-button  scp_theme_button-583fc5a5e05b6dbc52353081e79529dd\">Strategies &amp; Resources<\/a>[\/vc_column][\/vc_row]\n","protected":false},"excerpt":{"rendered":"<p>[vc_row][vc_column][vc_custom_heading text=&#8221;Entwicklung einer inklusiven Lernumgebung durch inklusive Praxis&#8221; font_container=&#8221;tag:div|text_align:center|color:%23333333&#8243; use_theme_fonts=&#8221;yes&#8221; el_class=&#8221;head-title&#8221;][vc_empty_space height=&#8221;15px&#8221;][vc_separator el_class=&#8221;lin-vc-separator&#8221;][vc_row_inner el_class=&#8221;reverse-column&#8221;][vc_column_inner width=&#8221;1\/2&#8243;][vc_column_text] In den letzten Jahren wurden Fortschritte bei der F\u00f6rderung inklusiver Praxis im Bewegungsunterricht erzielt. Dies&nbsp;<a href=\"https:\/\/www.dippe.lu\/de\/inclusive-practice\/\">&hellip;<\/a><\/p>\n","protected":false},"author":1,"featured_media":0,"parent":0,"menu_order":0,"comment_status":"closed","ping_status":"closed","template":"page-inclusion.php","meta":[],"_links":{"self":[{"href":"https:\/\/www.dippe.lu\/de\/wp-json\/wp\/v2\/pages\/2475"}],"collection":[{"href":"https:\/\/www.dippe.lu\/de\/wp-json\/wp\/v2\/pages"}],"about":[{"href":"https:\/\/www.dippe.lu\/de\/wp-json\/wp\/v2\/types\/page"}],"author":[{"embeddable":true,"href":"https:\/\/www.dippe.lu\/de\/wp-json\/wp\/v2\/users\/1"}],"replies":[{"embeddable":true,"href":"https:\/\/www.dippe.lu\/de\/wp-json\/wp\/v2\/comments?post=2475"}],"version-history":[{"count":10,"href":"https:\/\/www.dippe.lu\/de\/wp-json\/wp\/v2\/pages\/2475\/revisions"}],"predecessor-version":[{"id":3207,"href":"https:\/\/www.dippe.lu\/de\/wp-json\/wp\/v2\/pages\/2475\/revisions\/3207"}],"wp:attachment":[{"href":"https:\/\/www.dippe.lu\/de\/wp-json\/wp\/v2\/media?parent=2475"}],"curies":[{"name":"wp","href":"https:\/\/api.w.org\/{rel}","templated":true}]}}