{"id":2398,"date":"2020-12-26T13:46:34","date_gmt":"2020-12-26T13:46:34","guid":{"rendered":"https:\/\/www.dippe.lu\/?page_id=2398"},"modified":"2021-09-30T09:33:42","modified_gmt":"2021-09-30T09:33:42","slug":"about","status":"publish","type":"page","link":"https:\/\/www.dippe.lu\/de\/about\/","title":{"rendered":"About"},"content":{"rendered":"[vc_row][vc_column][vc_custom_heading text=&#8221;<b>Das <\/b> Projekt&#8221; font_container=&#8221;tag:div|text_align:center|color:%23333333&#8243; use_theme_fonts=&#8221;yes&#8221; el_class=&#8221;head-title&#8221;][vc_empty_space height=&#8221;15px&#8221;][vc_separator el_class=&#8221;lin-vc-separator&#8221;][vc_column_text]\n<p>Das Projekt DIPPE (Disentangling Inclusion in Primary Physical Education) ist eine <em>Strategische Partnerschaft f\u00fcr Schulbildung (Strategic Partnership for school education)<\/em> innerhalb der Key-Action-2-<em>Kooperation f\u00fcr Innovation und den Austausch bew\u00e4hrter Vorgehensweisen<\/em> <em>(Cooperation for innovation and the exchange of good practices)<\/em> im Rahmen des Erasmus+ -Programms, die darauf abzielt, Lehrkr\u00e4ften inklusive Strategien f\u00fcr den Sportunterricht zur Verf\u00fcgung zu stellen.<\/p>\n<p>Projektbeginn: 01-12-2018 \u2013 Ende: 31-05-2021<\/p>\n[\/vc_column_text][\/vc_column][\/vc_row][vc_row equal_height=&#8221;yes&#8221;][vc_column][vc_custom_heading text=&#8221;<b>Kontext <\/b> und Hintergrund&#8221; font_container=&#8221;tag:div|text_align:center|color:%23333333&#8243; use_theme_fonts=&#8221;yes&#8221; el_class=&#8221;head-title&#8221;][vc_empty_space height=&#8221;15px&#8221;][vc_separator el_class=&#8221;lin-vc-separator&#8221;][\/vc_column][vc_column][vc_row_inner css=&#8221;.vc_custom_1606124973453{background-color: rgba(209,211,212,0.5) !important;*background-color: rgb(209,211,212) !important;}&#8221;][vc_column_inner width=&#8221;1\/2&#8243;][vc_column_text]\n<p class=\"p1\" style=\"text-align: left;\">Inklusion erfordert, dass Lehrkr\u00e4fte Methoden und Wege, die allerdings auch allen zugutekommen, entwickeln, um junge Menschen (einschlie\u00dflich jener mit zus\u00e4tzlichen Bed\u00fcrfnissen) vollst\u00e4ndig in die Schule einzubeziehen. Sportunterricht (SU) bietet ganzheitliche Vorteile f\u00fcr alle in k\u00f6rperlichen, sozialen und kognitiven Bereichen. Es gibt weitere Vorteile f\u00fcr Kinder mit zus\u00e4tzlichen Bed\u00fcrfnissen, einschlie\u00dflich der Entwicklung motorischer Fertigkeiten, der Verringerung des Risikos f\u00fcr sekund\u00e4re Erkrankungen, der F\u00f6rderung der kognitiven Entwicklung sowie der F\u00f6rderung von Sprache und Kommunikation. Im Interesse der ganzheitlichen Entwicklung junger Kinder unterrichten allgemeinbildende Grundschullehrkr\u00e4fte in vielen L\u00e4ndern alle F\u00e4cher des Lehrplans, w\u00e4hrend andere L\u00e4nder spezialisierte Sportlehrkr\u00e4fte oder beides haben<\/p>\n[\/vc_column_text][\/vc_column_inner][vc_column_inner width=&#8221;1\/2&#8243;][vc_column_text]\n<p>In der Literatur werden die Herausforderungen hervorgehoben, denen Lehrkr\u00e4fte beim Durchf\u00fchren von SU ausgesetzt sind, insbesondere als nicht spezialisierte Lehrkr\u00e4fte. Die von Sportlehrkr\u00e4ften angewandten Vorgehensweisen sind entscheidend f\u00fcr den Erfolg echter Inklusionspolitik. Aus unserer Arbeit als AusbilderInnen von Lehrkr\u00e4ften heraus glauben wir, dass es f\u00fcr Lehrkr\u00e4fte eine Herausforderung ist, Informationen und Ressourcen im Zusammenhang mit Inklusion im SU auf einer bestimmten Plattform zu finden.<\/p>\n[\/vc_column_text][\/vc_column_inner][\/vc_row_inner][\/vc_column][\/vc_row][vc_row equal_height=&#8221;yes&#8221; content_placement=&#8221;top&#8221;][vc_column width=&#8221;1\/2&#8243;][vc_custom_heading text=&#8221;hidden text&#8221; font_container=&#8221;tag:div|text_align:center|color:%23333333&#8243; use_theme_fonts=&#8221;yes&#8221; el_class=&#8221;head-title hidden-text&#8221;][vc_custom_heading text=&#8221;<b> Ziele<\/b>&#8221; font_container=&#8221;tag:div|text_align:center|color:%23333333&#8243; use_theme_fonts=&#8221;yes&#8221; el_class=&#8221;head-title&#8221;][vc_empty_space height=&#8221;15px&#8221;][vc_separator el_class=&#8221;lin-vc-separator&#8221;][vc_row_inner][vc_column_inner][vc_column_text]\n<ul class=\"ul1\">\n<li>die aktuelle Situation hinsichtlich des Zugriffs auf Informationen und Ressourcen zur Inklusion an Grundschulen abbilden;<\/li>\n<li>eine Ressource zur Unterst\u00fctzung von Lehrkr\u00e4ften entwickeln, um Herausforderungen im Zusammenhang mit Inklusion im SU an Grundschulen zu begegnen;<\/li>\n<li>die Ressource auf einer kostenlosen offenen Bildungsplattform bereitstellen;<\/li>\n<li>ein Toolkit f\u00fcr die Ausbildung von Lehrkr\u00e4ften zur Einf\u00fchrung dieser Ressource entwickeln.<\/li>\n<\/ul>\n[\/vc_column_text][\/vc_column_inner][\/vc_row_inner][vc_empty_space height=&#8221;80px&#8221; el_class=&#8221;empty-space-mobile&#8221;][\/vc_column][vc_column width=&#8221;1\/2&#8243;][vc_custom_heading text=&#8221;<b> Eine <\/b>Eine Kurzbeschreibung der Projektergebnisse&#8221; font_container=&#8221;tag:div|text_align:center|color:%23333333&#8243; use_theme_fonts=&#8221;yes&#8221; el_class=&#8221;head-title&#8221;][vc_empty_space height=&#8221;15px&#8221;][vc_separator el_class=&#8221;lin-vc-separator&#8221;][vc_row_inner][vc_column_inner][vc_column_text]\n<ul>\n<li>eine kostenlose offene Bildungsressource f\u00fcr Lehrkr\u00e4fte, um auf Informationen, p\u00e4dagogische Instrumente und Ressourcen zuzugreifen und alle Kinder in den SU an Grundschulen einzubeziehen, damit qualitativ hochwertiges Lernen das Wohlbefinden, die k\u00f6rperliche Grundbildung und die lebenslange k\u00f6rperliche Aktivit\u00e4t der Kinder f\u00f6rdern kann;<\/li>\n<li>ein Toolkit zur Lehrkr\u00e4fteausbildung, um die Einf\u00fchrung der Bildungsressource zu erleichtern;<\/li>\n<li>eine St\u00e4rkung der Grundschullehrkr\u00e4fte in der Bereitstellung inklusiven SUs;<\/li>\n<li>Zugang f\u00fcr AusbilderInnen von Lehrkr\u00e4ften in der Erst-, Einf\u00fchrungs- und Fortbildungsausbildung zu neuen, innovativen Ressourcen, die es ihnen erm\u00f6glichen, Inklusion im SU an Grundschulen in der Ausbildung von Lehramtsstudierenden zu begegnen.<\/li>\n<\/ul>\n[\/vc_column_text][\/vc_column_inner][\/vc_row_inner][\/vc_column][\/vc_row][vc_row el_class=&#8221;about-intellectual-section&#8221;][vc_column][vc_custom_heading text=&#8221;<b> Intellectual <\/b>Outputs&#8221; font_container=&#8221;tag:div|text_align:center|color:%23333333&#8243; use_theme_fonts=&#8221;yes&#8221; el_class=&#8221;head-title&#8221;][vc_empty_space height=&#8221;15px&#8221;][vc_separator el_class=&#8221;lin-vc-separator&#8221;][vc_row_inner css=&#8221;.vc_custom_1606125019339{background-color: rgba(209,211,212,0.5) !important;*background-color: rgb(209,211,212) !important;}&#8221;][vc_column_inner][vc_column_text]\n<ul class=\"ul1\">\n<li>Intellectual Output 1: <em>Empfehlungsdokument zur detaillierten Begegnung mit inklusivem Sportunterricht an Grundschulen<\/em><\/li>\n<li>Intellectual Output 2: <em>Thematische Module zu Inklusions-Herausforderungen im Sportunterricht an Grundschulen\u00a0<\/em><\/li>\n<li>Intellectual Output 3: <a href=\"https:\/\/www.dippe.lu\/\">Website<\/a><\/li>\n<li>Intellectual Output 4: <em>Ressource\/Toolkit f\u00fcr die Lehrkr\u00e4fteausbildung<\/em><\/li>\n<li>Intellectual Output 5: <em>Richtlinien und Empfehlungen f\u00fcr die Umsetzung<\/em><\/li>\n<\/ul>\n[\/vc_column_text][\/vc_column_inner][\/vc_row_inner][\/vc_column][\/vc_row]\n","protected":false},"excerpt":{"rendered":"<p>[vc_row][vc_column][vc_custom_heading text=&#8221;Das Projekt&#8221; font_container=&#8221;tag:div|text_align:center|color:%23333333&#8243; use_theme_fonts=&#8221;yes&#8221; el_class=&#8221;head-title&#8221;][vc_empty_space height=&#8221;15px&#8221;][vc_separator el_class=&#8221;lin-vc-separator&#8221;][vc_column_text] Das Projekt DIPPE (Disentangling Inclusion in Primary Physical Education) ist eine Strategische Partnerschaft f\u00fcr Schulbildung (Strategic Partnership for school education) innerhalb der&nbsp;<a href=\"https:\/\/www.dippe.lu\/de\/about\/\">&hellip;<\/a><\/p>\n","protected":false},"author":10,"featured_media":2320,"parent":0,"menu_order":0,"comment_status":"closed","ping_status":"closed","template":"page-inclusion.php","meta":[],"_links":{"self":[{"href":"https:\/\/www.dippe.lu\/de\/wp-json\/wp\/v2\/pages\/2398"}],"collection":[{"href":"https:\/\/www.dippe.lu\/de\/wp-json\/wp\/v2\/pages"}],"about":[{"href":"https:\/\/www.dippe.lu\/de\/wp-json\/wp\/v2\/types\/page"}],"author":[{"embeddable":true,"href":"https:\/\/www.dippe.lu\/de\/wp-json\/wp\/v2\/users\/10"}],"replies":[{"embeddable":true,"href":"https:\/\/www.dippe.lu\/de\/wp-json\/wp\/v2\/comments?post=2398"}],"version-history":[{"count":3,"href":"https:\/\/www.dippe.lu\/de\/wp-json\/wp\/v2\/pages\/2398\/revisions"}],"predecessor-version":[{"id":2440,"href":"https:\/\/www.dippe.lu\/de\/wp-json\/wp\/v2\/pages\/2398\/revisions\/2440"}],"wp:featuredmedia":[{"embeddable":true,"href":"https:\/\/www.dippe.lu\/de\/wp-json\/wp\/v2\/media\/2320"}],"wp:attachment":[{"href":"https:\/\/www.dippe.lu\/de\/wp-json\/wp\/v2\/media?parent=2398"}],"curies":[{"name":"wp","href":"https:\/\/api.w.org\/{rel}","templated":true}]}}