{"id":2319,"date":"2020-09-09T13:14:30","date_gmt":"2020-09-09T13:14:30","guid":{"rendered":"https:\/\/www.dippe.lu\/contact\/"},"modified":"2021-09-30T09:42:14","modified_gmt":"2021-09-30T09:42:14","slug":"contact","status":"publish","type":"page","link":"https:\/\/www.dippe.lu\/de\/contact\/","title":{"rendered":"Kontaktieren"},"content":{"rendered":"[vc_row is_container=&#8221;1&#8243; el_class=&#8221;margin-bottom-zero&#8221;][vc_column css=&#8221;.vc_custom_1455188391350{margin-bottom: 0px !important;}&#8221;][vc_custom_heading text=&#8221;<b>TRede mit uns!<\/b>&#8221; font_container=&#8221;tag:div|text_align:center|color:%23333333&#8243; use_theme_fonts=&#8221;yes&#8221; el_class=&#8221;head-title&#8221;][vc_empty_space height=&#8221;15px&#8221;][vc_separator el_class=&#8221;lin-vc-separator&#8221;][vc_empty_space height=&#8221;15px&#8221;][\/vc_column][\/vc_row][vc_row][vc_column width=&#8221;1\/3&#8243; css=&#8221;.vc_custom_1452242779418{padding-top: 0px !important;}&#8221;]<div id=\"ultimate-heading-455369f21e67d0764\" class=\"uvc-heading ult-adjust-bottom-margin ultimate-heading-455369f21e67d0764 uvc-4931 \" data-hspacer=\"no_spacer\"  data-halign=\"left\" style=\"text-align:left\"><div class=\"uvc-heading-spacer no_spacer\" style=\"top\"><\/div><div class=\"uvc-main-heading ult-responsive\"  data-ultimate-target='.uvc-heading.ultimate-heading-455369f21e67d0764 h2'  data-responsive-json-new='{\"font-size\":\"desktop:18px;\",\"line-height\":\"desktop:26px;\"}' ><h2 style=\"font-weight:normal;color:#333333;margin-bottom:15px;\">Kontaktieren Sie uns<\/h2><\/div><div class=\"uvc-sub-heading ult-responsive\"  data-ultimate-target='.uvc-heading.ultimate-heading-455369f21e67d0764 .uvc-sub-heading '  data-responsive-json-new='{\"font-size\":\"desktop:14px;\",\"line-height\":\"desktop:22px;\"}'  style=\"font-weight:normal;color:#666666;\">Wie k\u00f6nnen wir helfen? Wir sind hier, um Ihnen zu helfen und m\u00f6gliche Fragen Ihrerseits zu beantworten. Bitte w\u00e4hlen Sie ein Thema aus, das mit Ihrer Anfrage zusammenh\u00e4ngt. Wir freuen uns von Ihnen zu h\u00f6ren!<\/div><\/div><div class=\"ult-spacer spacer-69f21e67d078f\" data-id=\"69f21e67d078f\" data-height=\"15\" data-height-mobile=\"15\" data-height-tab=\"15\" data-height-tab-portrait=\"\" data-height-mobile-landscape=\"\" style=\"clear:both;display:block;\"><\/div><div id=\"ultimate-heading-978269f21e67d07aa\" class=\"uvc-heading ult-adjust-bottom-margin ultimate-heading-978269f21e67d07aa uvc-8787 \" data-hspacer=\"no_spacer\"  data-halign=\"left\" style=\"text-align:left\"><div class=\"uvc-heading-spacer no_spacer\" style=\"top\"><\/div><div class=\"uvc-main-heading ult-responsive\"  data-ultimate-target='.uvc-heading.ultimate-heading-978269f21e67d07aa h2'  data-responsive-json-new='{\"font-size\":\"desktop:18px;\",\"line-height\":\"desktop:26px;\"}' ><h2 style=\"font-weight:normal;color:#333333;margin-bottom:15px;\">Soziale Medien<\/h2><\/div><div class=\"uvc-sub-heading ult-responsive\"  data-ultimate-target='.uvc-heading.ultimate-heading-978269f21e67d07aa .uvc-sub-heading '  data-responsive-json-new='{\"font-size\":\"desktop:14px;\",\"line-height\":\"desktop:22px;\"}'  style=\"font-weight:normal;color:#666666;\">Bitte folgen Sie uns auch in den sozialen Medien, um \u00fcber die neuesten DIPPE-Nachrichten informiert zu bleiben!<\/div><\/div>[vc_column_text el_class=&#8221;social&#8221;]<span class=\"scp-icon scp-icon-background pull-left scp_icon-75e691dc79a931662005b7f104d48706\"><a href=\"https:\/\/www.facebook.com\/DIPPEproject\" target=\"_blank\"><i class=\"fa fa-facebook\"><\/i><\/a> <\/span><span class=\"scp-icon scp-icon-background pull-left scp_icon-d45d5ea46ff432be79941068acad6736\"><a href=\"https:\/\/twitter.com\/DIPPE12\" target=\"_blank\"><i class=\"fa fa-twitter\"><\/i><\/a> <\/span>[\/vc_column_text][\/vc_column][vc_column width=&#8221;2\/3&#8243; css=&#8221;.vc_custom_1599726602421{margin-bottom: 0px !important;}&#8221;]<div class=\"wpforms-container wpforms-container-full\" id=\"wpforms-2712\"><form id=\"wpforms-form-2712\" class=\"wpforms-validate wpforms-form\" data-formid=\"2712\" method=\"post\" enctype=\"multipart\/form-data\" action=\"\/de\/wp-json\/wp\/v2\/pages\/2319\" data-token=\"d0a5c08112121d219bf2c7076f451dd8\"><noscript class=\"wpforms-error-noscript\">Bitte aktiviere JavaScript in deinem Browser, um dieses Formular fertigzustellen.<\/noscript><div class=\"wpforms-field-container\"><div id=\"wpforms-2712-field_1-container\" class=\"wpforms-field wpforms-field-text wpforms-one-half wpforms-first\" data-field-id=\"1\"><label class=\"wpforms-field-label\" for=\"wpforms-2712-field_1\">Nachname  <span class=\"wpforms-required-label\">*<\/span><\/label><input type=\"text\" id=\"wpforms-2712-field_1\" class=\"wpforms-field-large wpforms-field-required\" name=\"wpforms[fields][1]\" required><\/div><div id=\"wpforms-2712-field_5-container\" class=\"wpforms-field wpforms-field-text wpforms-one-half\" data-field-id=\"5\"><label class=\"wpforms-field-label\" for=\"wpforms-2712-field_5\">Vorname  <span class=\"wpforms-required-label\">*<\/span><\/label><input type=\"text\" id=\"wpforms-2712-field_5\" class=\"wpforms-field-large wpforms-field-required\" name=\"wpforms[fields][5]\" required><\/div><div id=\"wpforms-2712-field_3-container\" class=\"wpforms-field wpforms-field-email\" data-field-id=\"3\"><label class=\"wpforms-field-label\" for=\"wpforms-2712-field_3\">Email <span class=\"wpforms-required-label\">*<\/span><\/label><input type=\"email\" id=\"wpforms-2712-field_3\" class=\"wpforms-field-large wpforms-field-required\" name=\"wpforms[fields][3]\" required><\/div><div id=\"wpforms-2712-field_6-container\" class=\"wpforms-field wpforms-field-select wpforms-field-select-style-classic\" data-field-id=\"6\"><label class=\"wpforms-field-label\" for=\"wpforms-2712-field_6\">Gegenstand  <span class=\"wpforms-required-label\">*<\/span><\/label><select id=\"wpforms-2712-field_6\" class=\"wpforms-field-large wpforms-field-required\" name=\"wpforms[fields][6]\" required=\"required\"><option value=\"Allgemeine Anfrage\" >Allgemeine Anfrage<\/option><option value=\"Aufmerksamkeit &amp; Konzentration\" >Aufmerksamkeit &amp; Konzentration<\/option><option value=\"Sozial, emotional &amp; beziehungsorientiert\" >Sozial, emotional &amp; beziehungsorientiert<\/option><option value=\"Grob- &amp; Feinmotorik\" >Grob- &amp; Feinmotorik<\/option><option value=\"Physikalische F\u00e4higkeiten\" >Physikalische F\u00e4higkeiten<\/option><option value=\"Chronische Erkrankungen\" >Chronische Erkrankungen<\/option><option value=\"Verbale &amp; nonverbale Kommunikation\" >Verbale &amp; nonverbale Kommunikation<\/option><option value=\"Sensorik\" >Sensorik<\/option><\/select><\/div><div id=\"wpforms-2712-field_4-container\" class=\"wpforms-field wpforms-field-textarea\" data-field-id=\"4\"><label class=\"wpforms-field-label\" for=\"wpforms-2712-field_4\">Nachricht<\/label><textarea id=\"wpforms-2712-field_4\" class=\"wpforms-field-large\" name=\"wpforms[fields][4]\" ><\/textarea><\/div><\/div><div class=\"wpforms-submit-container\" ><input type=\"hidden\" name=\"wpforms[id]\" value=\"2712\"><input type=\"hidden\" name=\"wpforms[author]\" value=\"1\"><button type=\"submit\" name=\"wpforms[submit]\" class=\"wpforms-submit \" id=\"wpforms-submit-2712\" value=\"wpforms-submit\" aria-live=\"assertive\" data-alt-text=\"Sending...\" data-submit-text=\"Senden\">Senden<\/button><\/div><\/form><\/div>  <!-- .wpforms-container -->[\/vc_column][\/vc_row]\n","protected":false},"excerpt":{"rendered":"<p>[vc_row is_container=&#8221;1&#8243; el_class=&#8221;margin-bottom-zero&#8221;][vc_column css=&#8221;.vc_custom_1455188391350{margin-bottom: 0px !important;}&#8221;][vc_custom_heading text=&#8221;TRede mit uns!&#8221; font_container=&#8221;tag:div|text_align:center|color:%23333333&#8243; use_theme_fonts=&#8221;yes&#8221; el_class=&#8221;head-title&#8221;][vc_empty_space height=&#8221;15px&#8221;][vc_separator el_class=&#8221;lin-vc-separator&#8221;][vc_empty_space height=&#8221;15px&#8221;][\/vc_column][\/vc_row][vc_row][vc_column width=&#8221;1\/3&#8243; css=&#8221;.vc_custom_1452242779418{padding-top: 0px !important;}&#8221;][vc_column_text el_class=&#8221;social&#8221;][\/vc_column_text][\/vc_column][vc_column width=&#8221;2\/3&#8243; css=&#8221;.vc_custom_1599726602421{margin-bottom: 0px !important;}&#8221;][\/vc_column][\/vc_row]<\/p>\n","protected":false},"author":1,"featured_media":2320,"parent":0,"menu_order":0,"comment_status":"closed","ping_status":"closed","template":"template-fullwidth.php","meta":[],"_links":{"self":[{"href":"https:\/\/www.dippe.lu\/de\/wp-json\/wp\/v2\/pages\/2319"}],"collection":[{"href":"https:\/\/www.dippe.lu\/de\/wp-json\/wp\/v2\/pages"}],"about":[{"href":"https:\/\/www.dippe.lu\/de\/wp-json\/wp\/v2\/types\/page"}],"author":[{"embeddable":true,"href":"https:\/\/www.dippe.lu\/de\/wp-json\/wp\/v2\/users\/1"}],"replies":[{"embeddable":true,"href":"https:\/\/www.dippe.lu\/de\/wp-json\/wp\/v2\/comments?post=2319"}],"version-history":[{"count":5,"href":"https:\/\/www.dippe.lu\/de\/wp-json\/wp\/v2\/pages\/2319\/revisions"}],"predecessor-version":[{"id":2715,"href":"https:\/\/www.dippe.lu\/de\/wp-json\/wp\/v2\/pages\/2319\/revisions\/2715"}],"wp:featuredmedia":[{"embeddable":true,"href":"https:\/\/www.dippe.lu\/de\/wp-json\/wp\/v2\/media\/2320"}],"wp:attachment":[{"href":"https:\/\/www.dippe.lu\/de\/wp-json\/wp\/v2\/media?parent=2319"}],"curies":[{"name":"wp","href":"https:\/\/api.w.org\/{rel}","templated":true}]}}